{"id":5030,"date":"2017-10-17T00:21:27","date_gmt":"2017-10-16T22:21:27","guid":{"rendered":"http:\/\/dev.kaliberonline.se\/?page_id=5030"},"modified":"2022-09-12T07:50:56","modified_gmt":"2022-09-12T05:50:56","slug":"russell-k-hogtalare","status":"publish","type":"page","link":"http:\/\/studiokoncept.se\/fr\/tillverkare\/russell-k-hogtalare\/","title":{"rendered":"Russell K."},"content":{"rendered":"<div class=\"gb-container gb-container-0ca541ac\"><div class=\"gb-inside-container\">\n<div class=\"gb-grid-wrapper gb-grid-wrapper-18b57544\">\n<div class=\"gb-grid-column gb-grid-column-498b8c53\"><div class=\"gb-container gb-container-498b8c53\"><div class=\"gb-inside-container\">\n\n<h2 class=\"gb-headline gb-headline-1c759036 gb-headline-text\">Russel K. &#8211; Never Ever Stop Dancing<\/h2>\n\n\n\n<p>Russell K. g\u00f6r en serie remarkabla h\u00f6gtalare som bygger p\u00e5 en BBC princip om den levande l\u00e5dan. Det m\u00e4rks verkligen p\u00e5 hans skapelser. N\u00e4r de flesta andra s\u00f6ker en stum och or\u00f6rlig l\u00e5da, g\u00f6r Russell K. tv\u00e4rtom. L\u00e4gger man handen p\u00e5 l\u00e5dan, k\u00e4nner man hur den vibrerar och lever med. Det \u00e4r precis som den musikaliska \u00e5tergivningen. Det \u00e4r verkligen levande och &#8221;vibrant&#8221; som kan kan s\u00e4ga p\u00e5 engelska. Mycket tilltalande och hejdl\u00f6st rolig. N\u00e4r det g\u00e4ller stativh\u00f6gtalarna, RED 50 och i synnerhet f\u00f6r RED 100, beh\u00f6ver man vara medveten om att v\u00e4lja r\u00e4tt typ av stativ. Dom f\u00e5r inte vara styva! D\u00e5 d\u00f6dar man h\u00f6gtalarna. OBS! Russell K. har sj\u00e4lv gjort ett stativ som \u00e4r speciellt utprovat f\u00f6r RED 100. Det har en stabil bas och en till\u00e5tande \u00f6verdel s\u00e5 h\u00f6gtalaren kan r\u00f6ra sig fritt f\u00f6r att l\u00f6sa den h\u00e4r problematiken. Matchning till omgivningen och sin person. <\/p>\n\n<\/div><\/div><\/div>\n\n<div class=\"gb-grid-column gb-grid-column-0722e16b\"><div class=\"gb-container gb-container-0722e16b\"><div class=\"gb-inside-container\">\n\n<figure class=\"wp-block-image size-full\"><img fetchpriority=\"high\" decoding=\"async\" width=\"600\" height=\"600\" src=\"https:\/\/studiokoncept.se\/wp-content\/uploads\/Russell-k.-tillverkare-kv.png\" alt=\"\" class=\"wp-image-5969\" srcset=\"https:\/\/studiokoncept.se\/wp-content\/uploads\/Russell-k.-tillverkare-kv.png 600w, https:\/\/studiokoncept.se\/wp-content\/uploads\/Russell-k.-tillverkare-kv-430x430.png 430w, https:\/\/studiokoncept.se\/wp-content\/uploads\/Russell-k.-tillverkare-kv-150x150.png 150w, https:\/\/studiokoncept.se\/wp-content\/uploads\/Russell-k.-tillverkare-kv-500x500.png 500w, https:\/\/studiokoncept.se\/wp-content\/uploads\/Russell-k.-tillverkare-kv-300x300.png 300w, https:\/\/studiokoncept.se\/wp-content\/uploads\/Russell-k.-tillverkare-kv-100x100.png 100w, https:\/\/studiokoncept.se\/wp-content\/uploads\/Russell-k.-tillverkare-kv-146x146.png 146w, https:\/\/studiokoncept.se\/wp-content\/uploads\/Russell-k.-tillverkare-kv-50x50.png 50w, https:\/\/studiokoncept.se\/wp-content\/uploads\/Russell-k.-tillverkare-kv-75x75.png 75w, https:\/\/studiokoncept.se\/wp-content\/uploads\/Russell-k.-tillverkare-kv-85x85.png 85w, https:\/\/studiokoncept.se\/wp-content\/uploads\/Russell-k.-tillverkare-kv-80x80.png 80w\" sizes=\"(max-width: 600px) 100vw, 600px\" \/><\/figure>\n\n<\/div><\/div><\/div>\n<\/div>\n<\/div><\/div>\n\n\n<div style=\"height:50px\" aria-hidden=\"true\" class=\"wp-block-spacer\"><\/div>\n\n\n<div class=\"gb-container gb-container-5883d97e\"><div class=\"gb-inside-container\">\n<div data-block-name=\"woocommerce\/handpicked-products\" data-products=\"[3798,3808,9222,3820]\" class=\"wc-block-grid wp-block-handpicked-products wp-block-woocommerce-handpicked-products wc-block-handpicked-products has-3-columns has-multiple-rows\"><ul class=\"wc-block-grid__products\"><li class=\"wc-block-grid__product\">\n\t\t\t\t<a href=\"http:\/\/studiokoncept.se\/fr\/shop\/hogtalare\/stativhogtalare\/russell-k-red-50\/\" class=\"wc-block-grid__product-link\">\n\t\t\t\t\t\n\t\t\t\t\t<div class=\"wc-block-grid__product-image\"><img decoding=\"async\" width=\"430\" height=\"430\" src=\"https:\/\/studiokoncept.se\/wp-content\/uploads\/Russell-Red-50-valnot-430x430.jpg\" class=\"attachment-woocommerce_thumbnail size-woocommerce_thumbnail\" alt=\"Russell K. Red 50\" srcset=\"https:\/\/studiokoncept.se\/wp-content\/uploads\/Russell-Red-50-valnot-430x430.jpg 430w, https:\/\/studiokoncept.se\/wp-content\/uploads\/Russell-Red-50-valnot-150x150.jpg 150w, https:\/\/studiokoncept.se\/wp-content\/uploads\/Russell-Red-50-valnot-500x500.jpg 500w, https:\/\/studiokoncept.se\/wp-content\/uploads\/Russell-Red-50-valnot.jpg 600w\" sizes=\"(max-width: 430px) 100vw, 430px\" \/><\/div>\n\t\t\t\t\t<div class=\"wc-block-grid__product-title\">Russell K. Red 50<\/div>\n\t\t\t\t<\/a>\n\t\t\t\t<div class=\"wc-block-grid__product-price price\"><span class=\"woocs_price_code\" data-currency=\"\" data-redraw-id=\"69de73987c40e\" data-product-id=\"3798\"><span class=\"woocommerce-Price-amount amount\" aria-hidden=\"true\">29.900&nbsp;<span class=\"woocommerce-Price-currencySymbol\">&#107;&#114;<\/span><\/span> <span aria-hidden=\"true\">\u00a0\u2013\u00a0<\/span> <span class=\"woocommerce-Price-amount amount\" aria-hidden=\"true\">31.900&nbsp;<span class=\"woocommerce-Price-currencySymbol\">&#107;&#114;<\/span><\/span><span class=\"screen-reader-text\">Plage de prix\u00a0: 29.900&nbsp;&#107;&#114; \u00e0 31.900&nbsp;&#107;&#114;<\/span><\/span><div class=\"woocs_price_info\"><span class=\"woocs_price_info_icon\"><\/span><ul class='woocs_price_info_list'><li><b>EUR<\/b>: <span class=\"woocs_amount\">2.771&nbsp;&euro;<\/span> &#8211; <span class=\"woocs_amount\">2.956&nbsp;&euro;<\/span><\/li><li><b>CHF<\/b>: <span class=\"woocs_amount\">2.553&nbsp;&#067;&#072;&#070;<\/span> &#8211; <span class=\"woocs_amount\">2.724&nbsp;&#067;&#072;&#070;<\/span><\/li><li><b>USD<\/b>: <span class=\"woocs_amount\">3.264&nbsp;&#036;<\/span> &#8211; <span class=\"woocs_amount\">3.482&nbsp;&#036;<\/span><\/li><\/ul><\/div> <span class=\"momsnamn-suffix\">inkl. moms<\/span><\/div>\n\t\t\t\t\n\t\t\t\t<div class=\"wp-block-button wc-block-grid__product-add-to-cart\"><a href=\"http:\/\/studiokoncept.se\/fr\/shop\/hogtalare\/stativhogtalare\/russell-k-red-50\/\" aria-label=\"Choisir les options pour &quot;Russell K. Red 50&quot;\" data-quantity=\"1\" data-product_id=\"3798\" data-product_sku=\"russell-k-red-50\" data-price=\"29900\" rel=\"nofollow\" class=\"wp-block-button__link  add_to_cart_button\">S\u00e9lectionnez les options<\/a><\/div>\n\t\t\t<\/li><li class=\"wc-block-grid__product\">\n\t\t\t\t<a href=\"http:\/\/studiokoncept.se\/fr\/shop\/hogtalare\/stativhogtalare\/russell-k-red-100\/\" class=\"wc-block-grid__product-link\">\n\t\t\t\t\t\n\t\t\t\t\t<div class=\"wc-block-grid__product-image\"><img decoding=\"async\" width=\"430\" height=\"430\" src=\"https:\/\/studiokoncept.se\/wp-content\/uploads\/Russell-K.-Red-100-430x430.png\" class=\"attachment-woocommerce_thumbnail size-woocommerce_thumbnail\" alt=\"Russell K. Red 100\" srcset=\"https:\/\/studiokoncept.se\/wp-content\/uploads\/Russell-K.-Red-100-430x430.png 430w, https:\/\/studiokoncept.se\/wp-content\/uploads\/Russell-K.-Red-100-150x150.png 150w, https:\/\/studiokoncept.se\/wp-content\/uploads\/Russell-K.-Red-100-300x300.png 300w, https:\/\/studiokoncept.se\/wp-content\/uploads\/Russell-K.-Red-100-12x12.png 12w, https:\/\/studiokoncept.se\/wp-content\/uploads\/Russell-K.-Red-100-500x500.png 500w, https:\/\/studiokoncept.se\/wp-content\/uploads\/Russell-K.-Red-100.png 600w\" sizes=\"(max-width: 430px) 100vw, 430px\" \/><\/div>\n\t\t\t\t\t<div class=\"wc-block-grid__product-title\">Russell K. Red 100<\/div>\n\t\t\t\t<\/a>\n\t\t\t\t<div class=\"wc-block-grid__product-price price\"><span class=\"woocs_price_code\" data-currency=\"\" data-redraw-id=\"69de73987dfdb\" data-product-id=\"3808\"><span class=\"woocommerce-Price-amount amount\" aria-hidden=\"true\">43.000&nbsp;<span class=\"woocommerce-Price-currencySymbol\">&#107;&#114;<\/span><\/span> <span aria-hidden=\"true\">\u00a0\u2013\u00a0<\/span> <span class=\"woocommerce-Price-amount amount\" aria-hidden=\"true\">45.000&nbsp;<span class=\"woocommerce-Price-currencySymbol\">&#107;&#114;<\/span><\/span><span class=\"screen-reader-text\">Plage de prix\u00a0: 43.000&nbsp;&#107;&#114; \u00e0 45.000&nbsp;&#107;&#114;<\/span><\/span><div class=\"woocs_price_info\"><span class=\"woocs_price_info_icon\"><\/span><ul class='woocs_price_info_list'><li><b>EUR<\/b>: <span class=\"woocs_amount\">3.985&nbsp;&euro;<\/span> &#8211; <span class=\"woocs_amount\">4.170&nbsp;&euro;<\/span><\/li><li><b>CHF<\/b>: <span class=\"woocs_amount\">3.672&nbsp;&#067;&#072;&#070;<\/span> &#8211; <span class=\"woocs_amount\">3.843&nbsp;&#067;&#072;&#070;<\/span><\/li><li><b>USD<\/b>: <span class=\"woocs_amount\">4.694&nbsp;&#036;<\/span> &#8211; <span class=\"woocs_amount\">4.912&nbsp;&#036;<\/span><\/li><\/ul><\/div> <span class=\"momsnamn-suffix\">inkl. moms<\/span><\/div>\n\t\t\t\t\n\t\t\t\t<div class=\"wp-block-button wc-block-grid__product-add-to-cart\"><a href=\"http:\/\/studiokoncept.se\/fr\/shop\/hogtalare\/stativhogtalare\/russell-k-red-100\/\" aria-label=\"Choisir les options pour &quot;Russell K. Red 100&quot;\" data-quantity=\"1\" data-product_id=\"3808\" data-product_sku=\"russell-k-red-100\" data-price=\"43000\" rel=\"nofollow\" class=\"wp-block-button__link  add_to_cart_button\">S\u00e9lectionnez les options<\/a><\/div>\n\t\t\t<\/li><li class=\"wc-block-grid__product\">\n\t\t\t\t<a href=\"http:\/\/studiokoncept.se\/fr\/shop\/ovrigt\/stativ\/red-100-stativ\/\" class=\"wc-block-grid__product-link\">\n\t\t\t\t\t\n\t\t\t\t\t<div class=\"wc-block-grid__product-image\"><img loading=\"lazy\" decoding=\"async\" width=\"225\" height=\"225\" src=\"https:\/\/studiokoncept.se\/wp-content\/uploads\/stativ-red-100.jpg\" class=\"attachment-woocommerce_thumbnail size-woocommerce_thumbnail\" alt=\"Red 100 stativ\" srcset=\"https:\/\/studiokoncept.se\/wp-content\/uploads\/stativ-red-100.jpg 225w, https:\/\/studiokoncept.se\/wp-content\/uploads\/stativ-red-100-150x150.jpg 150w, https:\/\/studiokoncept.se\/wp-content\/uploads\/stativ-red-100-12x12.jpg 12w\" sizes=\"(max-width: 225px) 100vw, 225px\" \/><\/div>\n\t\t\t\t\t<div class=\"wc-block-grid__product-title\">Red 100 stativ<\/div>\n\t\t\t\t<\/a>\n\t\t\t\t<div class=\"wc-block-grid__product-price price\"><span class=\"woocs_price_code\" data-currency=\"\" data-redraw-id=\"69de73987fdb6\" data-product-id=\"9222\"><span class=\"woocommerce-Price-amount amount\">9.140&nbsp;<span class=\"woocommerce-Price-currencySymbol\">&#107;&#114;<\/span><\/span><\/span><div class=\"woocs_price_info\"><span class=\"woocs_price_info_icon\"><\/span><ul class='woocs_price_info_list'><li><span>EUR<\/span>: <span class=\"woocs_amount\">847&nbsp;&euro;<\/span><\/li><li><span>CHF<\/span>: <span class=\"woocs_amount\">780&nbsp;&#067;&#072;&#070;<\/span><\/li><li><span>USD<\/span>: <span class=\"woocs_amount\">998&nbsp;&#036;<\/span><\/li><\/ul><\/div> <span class=\"momsnamn-suffix\">inkl. moms<\/span><\/div>\n\t\t\t\t\n\t\t\t\t<div class=\"wp-block-button wc-block-grid__product-add-to-cart\"><a href=\"\/fr\/wp-json\/wp\/v2\/pages\/5030?add-to-cart=9222\" aria-label=\"Ajouter au panier : &quot;Red 100 stativ&quot;\" data-quantity=\"1\" data-product_id=\"9222\" data-product_sku=\"red-100-stativ\" data-price=\"9140\" rel=\"nofollow\" class=\"wp-block-button__link  add_to_cart_button ajax_add_to_cart\">Ajouter au panier<\/a><\/div>\n\t\t\t<\/li><li class=\"wc-block-grid__product\">\n\t\t\t\t<a href=\"http:\/\/studiokoncept.se\/fr\/shop\/hogtalare\/golvhogtalare\/russell-k-red-150\/\" class=\"wc-block-grid__product-link\">\n\t\t\t\t\t\n\t\t\t\t\t<div class=\"wc-block-grid__product-image\"><img loading=\"lazy\" decoding=\"async\" width=\"430\" height=\"430\" src=\"https:\/\/studiokoncept.se\/wp-content\/uploads\/red-150-fyrkantig-430x430.png\" class=\"attachment-woocommerce_thumbnail size-woocommerce_thumbnail\" alt=\"Russell K. Red 150\" srcset=\"https:\/\/studiokoncept.se\/wp-content\/uploads\/red-150-fyrkantig-430x430.png 430w, https:\/\/studiokoncept.se\/wp-content\/uploads\/red-150-fyrkantig-150x150.png 150w, https:\/\/studiokoncept.se\/wp-content\/uploads\/red-150-fyrkantig-300x300.png 300w, https:\/\/studiokoncept.se\/wp-content\/uploads\/red-150-fyrkantig-12x12.png 12w, https:\/\/studiokoncept.se\/wp-content\/uploads\/red-150-fyrkantig-500x500.png 500w, https:\/\/studiokoncept.se\/wp-content\/uploads\/red-150-fyrkantig.png 600w\" sizes=\"(max-width: 430px) 100vw, 430px\" \/><\/div>\n\t\t\t\t\t<div class=\"wc-block-grid__product-title\">Russell K. Red 150<\/div>\n\t\t\t\t<\/a>\n\t\t\t\t<div class=\"wc-block-grid__product-price price\"><span class=\"woocs_price_code\" data-currency=\"\" data-redraw-id=\"69de739880b85\" data-product-id=\"3820\"><span class=\"woocommerce-Price-amount amount\">93.000&nbsp;<span class=\"woocommerce-Price-currencySymbol\">&#107;&#114;<\/span><\/span><\/span><div class=\"woocs_price_info\"><span class=\"woocs_price_info_icon\"><\/span><ul class='woocs_price_info_list'><li><b>EUR<\/b>: <span class=\"woocs_amount\">8.619&nbsp;&euro;<\/span><\/li><li><b>CHF<\/b>: <span class=\"woocs_amount\">7.941&nbsp;&#067;&#072;&#070;<\/span><\/li><li><b>USD<\/b>: <span class=\"woocs_amount\">10.151&nbsp;&#036;<\/span><\/li><\/ul><\/div> <span class=\"momsnamn-suffix\">inkl. moms<\/span><\/div>\n\t\t\t\t\n\t\t\t\t<div class=\"wp-block-button wc-block-grid__product-add-to-cart\"><a href=\"http:\/\/studiokoncept.se\/fr\/shop\/hogtalare\/golvhogtalare\/russell-k-red-150\/\" aria-label=\"Choisir les options pour &quot;Russell K. Red 150&quot;\" data-quantity=\"1\" data-product_id=\"3820\" data-product_sku=\"russell-k-red-150\" data-price=\"93000\" rel=\"nofollow\" class=\"wp-block-button__link  add_to_cart_button\">S\u00e9lectionnez les options<\/a><\/div>\n\t\t\t<\/li><\/ul><\/div>\n<\/div><\/div>","protected":false},"excerpt":{"rendered":"","protected":false},"author":1,"featured_media":0,"parent":2343,"menu_order":0,"comment_status":"closed","ping_status":"closed","template":"","meta":{"footnotes":""},"class_list":["post-5030","page","type-page","status-publish","hentry"],"_links":{"self":[{"href":"http:\/\/studiokoncept.se\/fr\/wp-json\/wp\/v2\/pages\/5030","targetHints":{"allow":["GET"]}}],"collection":[{"href":"http:\/\/studiokoncept.se\/fr\/wp-json\/wp\/v2\/pages"}],"about":[{"href":"http:\/\/studiokoncept.se\/fr\/wp-json\/wp\/v2\/types\/page"}],"author":[{"embeddable":true,"href":"http:\/\/studiokoncept.se\/fr\/wp-json\/wp\/v2\/users\/1"}],"replies":[{"embeddable":true,"href":"http:\/\/studiokoncept.se\/fr\/wp-json\/wp\/v2\/comments?post=5030"}],"version-history":[{"count":0,"href":"http:\/\/studiokoncept.se\/fr\/wp-json\/wp\/v2\/pages\/5030\/revisions"}],"up":[{"embeddable":true,"href":"http:\/\/studiokoncept.se\/fr\/wp-json\/wp\/v2\/pages\/2343"}],"wp:attachment":[{"href":"http:\/\/studiokoncept.se\/fr\/wp-json\/wp\/v2\/media?parent=5030"}],"curies":[{"name":"wp","href":"https:\/\/api.w.org\/{rel}","templated":true}]}}