{"id":4346,"date":"2017-06-06T16:00:06","date_gmt":"2017-06-06T14:00:06","guid":{"rendered":"http:\/\/dev.kaliberonline.se\/?page_id=4346"},"modified":"2024-11-24T15:24:32","modified_gmt":"2024-11-24T14:24:32","slug":"entreq","status":"publish","type":"page","link":"http:\/\/studiokoncept.se\/fr\/tillverkare\/entreq\/","title":{"rendered":"Entreq"},"content":{"rendered":"<div class=\"gb-container gb-container-accordion-e3389d36\"><div class=\"gb-inside-container\">\n\n<p>Det uppst\u00e5r alltid m\u00e5nga fr\u00e5gor kring produkterna. Entreqs jordnings-produkter ers\u00e4tter inte p\u00e5 n\u00e5got s\u00e4tt s\u00e4kerhetsjorden! dom hj\u00e4lper till att dr\u00e4nera jorden fr\u00e5n st\u00f6rande h\u00f6gfrekvent brus, str\u00f6sp\u00e4nningar och magnetf\u00e4lt som sprids b\u00e5de mellan de egna hifi produkterna men ocks\u00e5 fr\u00e5n alla andra apparater i och utanf\u00f6r det egna hemmet. Syftet \u00e4r att exempelvis f\u00e5 bort k\u00e4nslan av en filt mellan lyssnaren och musiken, \u00f6ka uppl\u00f6sningen och ett sammanbundet musikaliskt tidsfl\u00f6de.<\/p>\n\n\n\n<div style=\"height:50px\" aria-hidden=\"true\" class=\"wp-block-spacer\"><\/div>\n\n\n<div class=\"gb-grid-wrapper gb-grid-wrapper-06a539c0\">\n<div class=\"gb-grid-column gb-grid-column-8a1cdd95\"><div class=\"gb-container gb-container-8a1cdd95\"><div class=\"gb-inside-container\">\n\n<figure class=\"wp-block-embed is-type-video is-provider-youtube wp-block-embed-youtube wp-embed-aspect-16-9 wp-has-aspect-ratio\"><div class=\"wp-block-embed__wrapper\">\n<iframe title=\"An interview of Per Olof Friberg, CEO of Entreq - Sweden\" width=\"500\" height=\"281\" src=\"https:\/\/www.youtube.com\/embed\/cIlEGJQsPB8?feature=oembed\" frameborder=\"0\" allow=\"accelerometer; autoplay; clipboard-write; encrypted-media; gyroscope; picture-in-picture; web-share\" referrerpolicy=\"strict-origin-when-cross-origin\" allowfullscreen><\/iframe>\n<\/div><\/figure>\n\n\n\n<div style=\"height:30px\" aria-hidden=\"true\" class=\"wp-block-spacer\"><\/div>\n\n\n\n<div class=\"wp-block-esab-accordion accordion-6614459a\"><div class=\"esab__container\" style=\"row-gap:10px;margin:0px 0px 0px 0px\">\n\n<div class=\"wp-block-esab-accordion-child\" style=\"border:1px solid #E0E0E0\"><div class=\"esab__head\" style=\"padding:10px 10px 10px 10px;background-color:transparent\" role=\"button\" aria-expanded=\"false\"><div class=\"esab__heading_txt\"><p class=\"esab__heading_tag\"><strong>Vanliga fr\u00e5gor om Entreqs produkter<\/strong><\/p><\/div><div class=\"esab__icon\"><div class=\"esab__collapse\"><svg version=\"1.2\" viewBox=\"0 0 24 24\" width=\"24\" height=\"24\"><path fill-rule=\"evenodd\" d=\"m3.5 20.5c-4.7-4.7-4.7-12.3 0-17 4.7-4.7 12.3-4.7 17 0 4.6 4.7 4.6 12.3 0 17-4.7 4.6-12.3 4.6-17 0zm0.9-0.9c4.2 4.2 11 4.2 15.2 0 4.2-4.2 4.2-11 0-15.2-4.2-4.3-11-4.3-15.2 0-4.3 4.2-4.3 11 0 15.2z\"><\/path><path d=\"m11.4 15.9v-3.3h-3.3c-0.3 0-0.6-0.3-0.6-0.6 0-0.4 0.3-0.6 0.6-0.6h3.3v-3.3c0-0.3 0.3-0.6 0.6-0.6 0.3 0 0.6 0.3 0.6 0.6v3.3h3.3c0.3 0 0.6 0.2 0.6 0.6q0 0.2-0.2 0.4-0.2 0.2-0.4 0.2h-3.3v3.3q0 0.2-0.2 0.4-0.2 0.2-0.4 0.2c-0.4 0-0.6-0.3-0.6-0.6z\"><\/path><\/svg><\/div><div class=\"esab__expand\"><svg version=\"1.2\" viewBox=\"0 0 24 24\" width=\"24\" height=\"24\"><path fill-rule=\"evenodd\" d=\"m12 24c-6.6 0-12-5.4-12-12 0-6.6 5.4-12 12-12 6.6 0 12 5.4 12 12 0 6.6-5.4 12-12 12zm10.6-12c0-5.9-4.7-10.6-10.6-10.6-5.9 0-10.6 4.7-10.6 10.6 0 5.9 4.7 10.6 10.6 10.6 5.9 0 10.6-4.7 10.6-10.6z\"><\/path><path d=\"m5.6 11.3h12.8v1.4h-12.8z\"><\/path><\/svg><\/div><\/div><\/div><div class=\"esab__body\" style=\"border-top:1px solid #E0E0E0;padding:10px 10px 10px 10px;background-color:transparent\">\n\n<p><\/p>\n\n\n<ol class=\"wp-block-list\" type=\"1\">\n\n<li>Hur anv\u00e4nder man Entreqs jordning? Man tar en jordbox och kopplar en Eartha kabel till jordoxen baksida. Andra \u00e4nden kopplar man till en ledig kontakt p\u00e5 den produkt man \u00f6nskar dr\u00e4nera. Kontakt v\u00e4ljs efter behov. Entreq erbjuder alla uppt\u00e4nkliga kontakter.  <\/li>\n\n\n<li>Hur v\u00e4ljer man ut sin jordningsbox? Dagens topp-produkter, Tungsten serien, \u00e4r ett resultat av Mr Entreqs (mitt smeknamn) nyfikna sinnelag och st\u00e4ndiga experimenterande. En kort sammanfattning kommer att hj\u00e4lpa er f\u00f6rst\u00e5 denna fantastiska utveckling som han genomg\u00e5tt och hur man kan t\u00e4nka n\u00e4r man v\u00e4ljer ut sitt eget Entreq system.\n\n<ul class=\"wp-block-list\">\n\n<li>Till en b\u00f6rjan skapade han en liten, en stor och en gigantisk jordl\u00e5da. H\u00e4r l\u00e4rde han sig 2 saker: av den st\u00f6rsta l\u00e5dan l\u00e4rde han sig att dr\u00e4neringseffekten kan bli f\u00f6r kraftig. Det beh\u00f6ver matchas mot produkten d\u00e4r dess vikt \u00e4r en ledtr\u00e5d, mer om det senare. Och experiment visade att det digitala helst separeras fr\u00e5n det analoga.<\/li>\n\n\n<li>Entreq tog sen fram jordboxar med separata delar, exempelvis min gamla favorit, Poseidon, som var uppdelad i 3 separata delar. H\u00e4r trodde jag att idealet var uppn\u00e5tt. Dock uppt\u00e4ckte han att Poseidons 3 delar bara var separerade och inte isolerade fr\u00e5n varandra. Delarna drog nytta av varandra. Man tappade kontrollen p\u00e5 kraften i jordreningen och separeringen av det digitala och analoga blev inte optimal.. Slutsatsen blev att isolera, inte bara separera, &nbsp;boxarna fr\u00e5n varandra.<\/li>\n\n\n<li>Entreq l\u00f6ser detta i den nya fenomenala Tungsten serien. F\u00f6r det f\u00f6rsta \u00e4r blandningen med Tungsten \u00f6verl\u00e4gsen de \u00e4ldre. Serien best\u00e5r av 2 grundenheter som sen utg\u00f6r byggstenarna f\u00f6r de st\u00f6rre systemen: Pluton, Multitan Ten och Hero. &nbsp;Jag kommer att dra upp riktlinjer, inte absoluta sanningar, f\u00f6r vad dom klarar av.\n\n<ul class=\"wp-block-list\">\n\n<li>Den minsta, Ten Tungsten har en dr\u00e4neringskontakt och kan via Eartha kabel anslutas till 2 produkter. Ten Tungsten v\u00e4ger 2 kilo &nbsp;och l\u00e4mpar sig f\u00f6r produkter med en sammanlagd vikt p\u00e5 1-10kg. <\/li>\n\n\n<li>Infinity Olympus Tungsten har 2 dr\u00e4neringskontakter och kan via Eartha kabel kopplas till max 4 produkter. Den v\u00e4ger 9 kg och l\u00e4mpar sig f\u00f6r produkter som tillsammans v\u00e4ger mellan 4,5-45kg. Den h\u00e4r jordboxen \u00e4r s\u00e5 kraftfull att den i en kompromissituation, b\u00e4ttre klarar av att blanda digitalt och analogt \u00e4n de tidigare boxarna.<\/li>\n\n\n<li>Sen kommer vi till de avancerade l\u00e5dorna: Pluton \u2013 Hero och&nbsp; Multiten Ten. Alla tre systemen best\u00e5r av kombinationer av Ten Tungsten och Infinity olympus Tungsten boxar, alla isolerade fr\u00e5n varandra!<\/li>\n\n\n<li>Pluton; 3 st fr\u00e5n varandra isolerade Olympus Infinity Tungsten.<\/li>\n\n\n<li>Hero; 5 st fr\u00e5n varandra isolerade Infinity Olympus Tungsten samt en Cleanus Tungsten som kopplas till ett v\u00e4gguttag och f\u00f6renklat uttryckt dr\u00e4nerar b\u00e5de str\u00f6m och jord. Jordl\u00e5dorna kan kopplas ihop med en T-link kabel f\u00f6r att h\u00f6ja effektgraden.<\/li>\n\n\n<li>Multiten Ten; 10st Ten Tungsten + 1 Cleanus. \u00c4ven h\u00e4r kan de separata Ten Tungsten boxarna kopplas ihop efter behov med hj\u00e4lp av T-Link kablar f\u00f6r att uppn\u00e5 den dr\u00e4neringskraft man beh\u00f6ver f\u00f6r att hitta t\u00e4tt balans.<\/li>\n\n\n<li>\n\n<ul class=\"wp-block-list\">\n\n<li><\/li>\n\n<\/ul>\n\n<\/li>\n\n<\/ul>\n\n<\/li>\n\n<\/ul>\n\n<\/li>\n\n<\/ol>\n\n\n<p>Det l\u00f6nar sig att prova sig fram vilka produkter som b\u00e4st l\u00f6nar sig att dr\u00e4nera. Den vanliga elektroniken \u00e4r naturligtvis uppenbar. Inte minst f\u00f6rst\u00e4rkarens negativa h\u00f6gtalarkontakter f\u00f6r att komma \u00e5t b\u00e5de f\u00f6rst\u00e4rkare och h\u00f6gtalare. DAC, dator, streamer, router etc. Och gl\u00f6m inte Entreqs egna produkter s\u00e5som rack, str\u00f6mlister och cleanus som alla har en f\u00e4stpunkt f\u00f6r en Eartha kabel.<\/p>\n\n<\/div><\/div>\n\n<\/div><\/div>\n\n\n\n<div style=\"height:100px\" aria-hidden=\"true\" class=\"wp-block-spacer\"><\/div>\n\n<\/div><\/div><\/div>\n\n<div class=\"gb-grid-column gb-grid-column-c3d1c755\"><div class=\"gb-container gb-container-c3d1c755\"><div class=\"gb-inside-container\"><\/div><\/div><\/div>\n<\/div>\n\n\n<div style=\"height:50px\" aria-hidden=\"true\" class=\"wp-block-spacer\"><\/div>\n\n<\/div><\/div>\n\n\n<div style=\"height:50px\" aria-hidden=\"true\" class=\"wp-block-spacer\"><\/div>\n\n\n\n<div class=\"wp-block-columns is-layout-flex wp-container-core-columns-is-layout-9d6595d7 wp-block-columns-is-layout-flex\">\n<div class=\"wp-block-column is-layout-flow wp-block-column-is-layout-flow\" style=\"flex-basis:100%\"><div class=\"gb-container gb-container-521c2405\" id=\"\ufe5fEntreq-Produkter\"><div class=\"gb-inside-container\"><\/div><\/div><\/div>\n<\/div>\n\n\n\n<div class=\"wp-block-columns is-layout-flex wp-container-core-columns-is-layout-9d6595d7 wp-block-columns-is-layout-flex\">\n<div class=\"wp-block-column is-layout-flow wp-block-column-is-layout-flow\"><div data-block-name=\"woocommerce\/featured-category\" data-category-id=\"689\" data-edit-mode=\"false\" class=\"wc-block-featured-category alignnone has-background-dim wp-block-woocommerce-featured-category\" style=\"min-height:500px;\"><div class=\"wc-block-featured-category__wrapper\"><div class=\"background-dim__overlay\" style=\"background-color: #000000\"><\/div><img decoding=\"async\" alt=\"Jordning\" class=\"wc-block-featured-category__background-image\" src=\"https:\/\/studiokoncept.se\/wp-content\/uploads\/Jordning-kat.webp\" style=\"object-fit: none;object-position: 50% 50%;\" \/><h2 class=\"wc-block-featured-category__title\">Jordning<\/h2><div class=\"wc-block-featured-category__description\"><\/div><div class=\"wc-block-featured-category__inner-blocks\">\n\n<div class=\"wp-block-buttons is-content-justification-center is-layout-flex wp-container-core-buttons-is-layout-16018d1d wp-block-buttons-is-layout-flex\">\n<div class=\"wp-block-button\"><a class=\"wp-block-button__link wp-element-button\" href=\"https:\/\/studiokoncept.se\/c\/jordning\/\">Handla nu<\/a><\/div>\n<\/div>\n\n<\/div><\/div><\/div><\/div>\n\n\n\n<div class=\"wp-block-column is-layout-flow wp-block-column-is-layout-flow\"><div data-block-name=\"woocommerce\/featured-category\" data-category-id=\"617\" data-edit-mode=\"false\" class=\"wc-block-featured-category alignnone has-background-dim wp-block-woocommerce-featured-category\" style=\"min-height:500px;\"><div class=\"wc-block-featured-category__wrapper\"><div class=\"background-dim__overlay\" style=\"background-color: #000000\"><\/div><img decoding=\"async\" alt=\"Entreq Kablar\" class=\"wc-block-featured-category__background-image\" src=\"https:\/\/studiokoncept.se\/wp-content\/uploads\/Triton-speaker-1024x1024.png\" style=\"object-fit: none;object-position: 50% 50%;\" \/><h2 class=\"wc-block-featured-category__title\">Entreq Kablar<\/h2><div class=\"wc-block-featured-category__description\"><\/div><div class=\"wc-block-featured-category__inner-blocks\">\n\n<div class=\"wp-block-buttons is-content-justification-center is-layout-flex wp-container-core-buttons-is-layout-16018d1d wp-block-buttons-is-layout-flex\">\n<div class=\"wp-block-button\"><a class=\"wp-block-button__link wp-element-button\" href=\"https:\/\/studiokoncept.se\/c\/tillverkare\/entreq-kablar\/\">Handla nu<\/a><\/div>\n<\/div>\n\n<\/div><\/div><\/div><\/div>\n\n\n\n<div class=\"wp-block-column is-layout-flow wp-block-column-is-layout-flow\"><div data-block-name=\"woocommerce\/featured-category\" data-category-id=\"185\" data-edit-mode=\"false\" class=\"wc-block-featured-category alignnone has-background-dim wp-block-woocommerce-featured-category\" style=\"min-height:500px;\"><div class=\"wc-block-featured-category__wrapper\"><div class=\"background-dim__overlay\" style=\"background-color: #000000\"><\/div><img decoding=\"async\" alt=\"Entreq Powerus Str\u00f6mlister\" class=\"wc-block-featured-category__background-image\" src=\"https:\/\/studiokoncept.se\/wp-content\/uploads\/Entreq-Primer-Pro-n\u00e4tlist.jpg\" style=\"object-fit: none;object-position: 50% 50%;\" \/><h2 class=\"wc-block-featured-category__title\">Entreq Powerus Str\u00f6mlister<\/h2><div class=\"wc-block-featured-category__description\"><\/div><div class=\"wc-block-featured-category__inner-blocks\">\n\n<div class=\"wp-block-buttons is-content-justification-center is-layout-flex wp-container-core-buttons-is-layout-16018d1d wp-block-buttons-is-layout-flex\">\n<div class=\"wp-block-button\"><a class=\"wp-block-button__link wp-element-button\" href=\"https:\/\/studiokoncept.se\/c\/tillverkare\/entreq-stromhantering\/\">Handla nu<\/a><\/div>\n<\/div>\n\n<\/div><\/div><\/div><\/div>\n<\/div>\n\n\n<div class=\"gb-container gb-container-febaaed4\" id=\"\ufe5fEntreq-Produkter\"><div class=\"gb-inside-container\">\n\n<h2 class=\"gb-headline gb-headline-de486c47 gb-headline-text\" id=\"Entreqs-produkter\">\u00d6vrigt<\/h2>\n\n\n<div data-align-buttons=\"true\" data-block-name=\"woocommerce\/handpicked-products\" data-content-visibility=\"{&quot;image&quot;:true,&quot;title&quot;:true,&quot;price&quot;:true,&quot;rating&quot;:false,&quot;button&quot;:true}\" data-orderby=\"menu_order\" data-products=\"[11022,6062,3078]\" class=\"wc-block-grid wp-block-handpicked-products wp-block-woocommerce-handpicked-products wc-block-handpicked-products has-3-columns has-multiple-rows has-aligned-buttons\"><ul class=\"wc-block-grid__products\"><li class=\"wc-block-grid__product\">\n\t\t\t\t<a href=\"http:\/\/studiokoncept.se\/fr\/shop\/ovrigt\/fotter\/entreq-magma-infinity-tungsten-45mm-kopia\/\" class=\"wc-block-grid__product-link\">\n\t\t\t\t\t\n\t\t\t\t\t<div class=\"wc-block-grid__product-image\"><img fetchpriority=\"high\" decoding=\"async\" width=\"430\" height=\"430\" src=\"https:\/\/studiokoncept.se\/wp-content\/uploads\/Magma-fyrkantig-e1681557121943-430x430.png\" class=\"attachment-woocommerce_thumbnail size-woocommerce_thumbnail\" alt=\"Entreq Magma Serien\" srcset=\"https:\/\/studiokoncept.se\/wp-content\/uploads\/Magma-fyrkantig-e1681557121943-430x430.png 430w, https:\/\/studiokoncept.se\/wp-content\/uploads\/Magma-fyrkantig-e1681557121943-150x150.png 150w, https:\/\/studiokoncept.se\/wp-content\/uploads\/Magma-fyrkantig-e1681557121943-500x500.png 500w, https:\/\/studiokoncept.se\/wp-content\/uploads\/Magma-fyrkantig-e1681557121943-300x300.png 300w, https:\/\/studiokoncept.se\/wp-content\/uploads\/Magma-fyrkantig-e1681557121943-12x12.png 12w, https:\/\/studiokoncept.se\/wp-content\/uploads\/Magma-fyrkantig-e1681557121943.png 600w\" sizes=\"(max-width: 430px) 100vw, 430px\" \/><\/div>\n\t\t\t\t\t<div class=\"wc-block-grid__product-title\">Entreq Magma Serien<\/div>\n\t\t\t\t<\/a>\n\t\t\t\t<div class=\"wc-block-grid__product-price price\"><span class=\"woocs_price_code\" data-currency=\"\" data-redraw-id=\"69de5f527f368\" data-product-id=\"11022\"><span class=\"woocommerce-Price-amount amount\" aria-hidden=\"true\">575&nbsp;<span class=\"woocommerce-Price-currencySymbol\">&#107;&#114;<\/span><\/span> <span aria-hidden=\"true\">\u00a0\u2013\u00a0<\/span> <span class=\"woocommerce-Price-amount amount\" aria-hidden=\"true\">4.140&nbsp;<span class=\"woocommerce-Price-currencySymbol\">&#107;&#114;<\/span><\/span><span class=\"screen-reader-text\">Plage de prix\u00a0: 575&nbsp;&#107;&#114; \u00e0 4.140&nbsp;&#107;&#114;<\/span><\/span><div class=\"woocs_price_info\"><span class=\"woocs_price_info_icon\"><\/span><ul class='woocs_price_info_list'><li><b>EUR<\/b>: <span class=\"woocs_amount\">53&nbsp;&euro;<\/span> &#8211; <span class=\"woocs_amount\">384&nbsp;&euro;<\/span><\/li><li><b>CHF<\/b>: <span class=\"woocs_amount\">49&nbsp;&#067;&#072;&#070;<\/span> &#8211; <span class=\"woocs_amount\">354&nbsp;&#067;&#072;&#070;<\/span><\/li><li><b>USD<\/b>: <span class=\"woocs_amount\">63&nbsp;&#036;<\/span> &#8211; <span class=\"woocs_amount\">452&nbsp;&#036;<\/span><\/li><\/ul><\/div> <span class=\"momsnamn-suffix\">inkl. moms<\/span><\/div>\n\t\t\t\t\n\t\t\t\t<div class=\"wp-block-button wc-block-grid__product-add-to-cart\"><a href=\"http:\/\/studiokoncept.se\/fr\/shop\/ovrigt\/fotter\/entreq-magma-infinity-tungsten-45mm-kopia\/\" aria-label=\"Choisir les options pour &quot;Entreq Magma Serien&quot;\" data-quantity=\"1\" data-product_id=\"11022\" data-product_sku=\"entreq-magma-infinity-tungsten-45mm-kopia\" data-price=\"575\" rel=\"nofollow\" class=\"wp-block-button__link  add_to_cart_button\">S\u00e9lectionnez les options<\/a><\/div>\n\t\t\t<\/li><li class=\"wc-block-grid__product\">\n\t\t\t\t<a href=\"http:\/\/studiokoncept.se\/fr\/shop\/ovrigt\/entreq-vibbeaters\/\" class=\"wc-block-grid__product-link\">\n\t\t\t\t\t\n\t\t\t\t\t<div class=\"wc-block-grid__product-image\"><img decoding=\"async\" width=\"430\" height=\"430\" src=\"https:\/\/studiokoncept.se\/wp-content\/uploads\/Entreq-Vibbeaters-kopia-430x430.png\" class=\"attachment-woocommerce_thumbnail size-woocommerce_thumbnail\" alt=\"Entreq Vibbeaters\" srcset=\"https:\/\/studiokoncept.se\/wp-content\/uploads\/Entreq-Vibbeaters-kopia-430x430.png 430w, https:\/\/studiokoncept.se\/wp-content\/uploads\/Entreq-Vibbeaters-kopia-150x150.png 150w, https:\/\/studiokoncept.se\/wp-content\/uploads\/Entreq-Vibbeaters-kopia-300x300.png 300w, https:\/\/studiokoncept.se\/wp-content\/uploads\/Entreq-Vibbeaters-kopia-12x12.png 12w, https:\/\/studiokoncept.se\/wp-content\/uploads\/Entreq-Vibbeaters-kopia-500x500.png 500w, https:\/\/studiokoncept.se\/wp-content\/uploads\/Entreq-Vibbeaters-kopia.png 600w\" sizes=\"(max-width: 430px) 100vw, 430px\" \/><\/div>\n\t\t\t\t\t<div class=\"wc-block-grid__product-title\">Entreq Vibbeaters<\/div>\n\t\t\t\t<\/a>\n\t\t\t\t<div class=\"wc-block-grid__product-price price\"><span class=\"woocs_price_code\" data-currency=\"\" data-redraw-id=\"69de5f5281426\" data-product-id=\"3078\"><span class=\"woocommerce-Price-amount amount\" aria-hidden=\"true\">1.035&nbsp;<span class=\"woocommerce-Price-currencySymbol\">&#107;&#114;<\/span><\/span> <span aria-hidden=\"true\">\u00a0\u2013\u00a0<\/span> <span class=\"woocommerce-Price-amount amount\" aria-hidden=\"true\">2.760&nbsp;<span class=\"woocommerce-Price-currencySymbol\">&#107;&#114;<\/span><\/span><span class=\"screen-reader-text\">Plage de prix\u00a0: 1.035&nbsp;&#107;&#114; \u00e0 2.760&nbsp;&#107;&#114;<\/span><\/span><div class=\"woocs_price_info\"><span class=\"woocs_price_info_icon\"><\/span><ul class='woocs_price_info_list'><li><b>EUR<\/b>: <span class=\"woocs_amount\">96&nbsp;&euro;<\/span> &#8211; <span class=\"woocs_amount\">256&nbsp;&euro;<\/span><\/li><li><b>CHF<\/b>: <span class=\"woocs_amount\">88&nbsp;&#067;&#072;&#070;<\/span> &#8211; <span class=\"woocs_amount\">236&nbsp;&#067;&#072;&#070;<\/span><\/li><li><b>USD<\/b>: <span class=\"woocs_amount\">113&nbsp;&#036;<\/span> &#8211; <span class=\"woocs_amount\">301&nbsp;&#036;<\/span><\/li><\/ul><\/div> <span class=\"momsnamn-suffix\">inkl. moms<\/span><\/div>\n\t\t\t\t\n\t\t\t\t<div class=\"wp-block-button wc-block-grid__product-add-to-cart\"><a href=\"http:\/\/studiokoncept.se\/fr\/shop\/ovrigt\/entreq-vibbeaters\/\" aria-label=\"Choisir les options pour &quot;Entreq Vibbeaters&quot;\" data-quantity=\"1\" data-product_id=\"3078\" data-product_sku=\"entreq-vibbeaters\" data-price=\"1035\" rel=\"nofollow\" class=\"wp-block-button__link  add_to_cart_button\">S\u00e9lectionnez les options<\/a><\/div>\n\t\t\t<\/li><\/ul><\/div>\n<\/div><\/div>","protected":false},"excerpt":{"rendered":"<p>Il y a toujours beaucoup de questions sur les produits. Les produits de mise \u00e0 la terre d'Entreq ne remplacent en aucun cas la mise \u00e0 la terre de s\u00e9curit\u00e9.<\/p>","protected":false},"author":1,"featured_media":0,"parent":2343,"menu_order":0,"comment_status":"closed","ping_status":"closed","template":"","meta":{"footnotes":""},"class_list":["post-4346","page","type-page","status-publish","hentry"],"_links":{"self":[{"href":"http:\/\/studiokoncept.se\/fr\/wp-json\/wp\/v2\/pages\/4346","targetHints":{"allow":["GET"]}}],"collection":[{"href":"http:\/\/studiokoncept.se\/fr\/wp-json\/wp\/v2\/pages"}],"about":[{"href":"http:\/\/studiokoncept.se\/fr\/wp-json\/wp\/v2\/types\/page"}],"author":[{"embeddable":true,"href":"http:\/\/studiokoncept.se\/fr\/wp-json\/wp\/v2\/users\/1"}],"replies":[{"embeddable":true,"href":"http:\/\/studiokoncept.se\/fr\/wp-json\/wp\/v2\/comments?post=4346"}],"version-history":[{"count":0,"href":"http:\/\/studiokoncept.se\/fr\/wp-json\/wp\/v2\/pages\/4346\/revisions"}],"up":[{"embeddable":true,"href":"http:\/\/studiokoncept.se\/fr\/wp-json\/wp\/v2\/pages\/2343"}],"wp:attachment":[{"href":"http:\/\/studiokoncept.se\/fr\/wp-json\/wp\/v2\/media?parent=4346"}],"curies":[{"name":"wp","href":"https:\/\/api.w.org\/{rel}","templated":true}]}}