{"id":9998,"date":"2021-02-26T21:56:25","date_gmt":"2021-02-26T20:56:25","guid":{"rendered":"https:\/\/studiokoncept.se\/?post_type=product&#038;p=9998"},"modified":"2025-08-02T08:33:52","modified_gmt":"2025-08-02T06:33:52","slug":"rel-acoustics-ht-1205-subwoofer","status":"publish","type":"product","link":"http:\/\/studiokoncept.se\/de\/shop\/hogtalare\/subwoofers\/rel-acoustics-ht-1205-subwoofer\/","title":{"rendered":"Rel Acoustics HT\/1205 MKII Subwoofer"},"content":{"rendered":"<p>Der <h4>REL HT\/1205 MKII setzt einen neuen Standard f\u00fcr erschwingliche Heimkino-Subwoofer.<\/h4> Er verzichtet auf elektronischen Schnickschnack und konzentriert sich auf ausgewogene Priorit\u00e4ten mit gut gebauten und sch\u00f6n verarbeiteten Geh\u00e4usen. Er verf\u00fcgt \u00fcber ein neues Verst\u00e4rkerdesign, das problemlos 500 W an einen brandneuen CarbonGlas\u2122 12\" (300 mm) Treiber liefert. Der 50% kann lauter spielen als sein Vorg\u00e4nger und bietet mehr Pr\u00e4zision und Subtilit\u00e4t. Er ist in der Lage, Ausgangspegel zu erzeugen, die man normalerweise bei wesentlich teureren Modellen als dem HT1205 mkII findet. Es ist gro\u00dfartig f\u00fcr Musik und das verf\u00fcgbare HT-Air rundet das Angebot perfekt ab. Er wurde speziell f\u00fcr die Herausforderung entwickelt, erschwingliche, au\u00dfergew\u00f6hnlich dynamische und saubere Heimkino-Aktivsubwoofer zu bauen. Er kombiniert einen leichten, modernen 12\"-CarbonGlas\u2122-Treiber (300 mm) mit einem leistungsstarken 500-W-Class-D-Verst\u00e4rker, der kalt l\u00e4uft und eine au\u00dfergew\u00f6hnliche Dynamik erzeugt. Er verf\u00fcgt \u00fcber speziell angepasste Heimkino-Eingangsfilter, die extrem flache B\u00e4sse bis hinunter zu den 20s Hz erzeugen. Er ist so konzipiert, dass er den .1\/LFE-Ausgang des Systems erg\u00e4nzt, um eine extrem hohe Ausgangsleistung f\u00fcr brustbewegende Heimkinoeffekte zu erzeugen.<\/p>","protected":false},"excerpt":{"rendered":"<p>Der REL HT\/1205 MKII ist ein Subwoofer, der speziell f\u00fcr das Heimkino entwickelt wurde. Er verf\u00fcgt \u00fcber ein 12-Zoll-CarbonGlas\u2122-Element und wird von einem 500-Watt-Class-D-Verst\u00e4rker angetrieben. Der Subwoofer ist in der Lage, tiefe B\u00e4sse bis hinunter zu 20s Hz zu liefern und ist so konzipiert, dass er eine extrem hohe Ausgangsleistung f\u00fcr Heimkinoeffekte bietet. Er verf\u00fcgt \u00fcber ein elegantes Design mit einer schwarz lackierten Deckplatte und einem schwarz ausgekleideten Verbundgeh\u00e4use.<\/p>","protected":false},"featured_media":9990,"template":"","meta":[],"product_brand":[],"product_cat":[321],"product_tag":[],"class_list":{"0":"post-9998","1":"product","2":"type-product","3":"status-publish","4":"has-post-thumbnail","6":"product_cat-subwoofers","7":"product_shipping_class-standard","9":"first","10":"instock","11":"taxable","12":"shipping-taxable","13":"purchasable","14":"product-type-simple"},"bundled_by":[],"bundle_stock_status":"instock","bundle_stock_quantity":null,"bundle_virtual":false,"bundle_layout":"","bundle_add_to_cart_form_location":"","bundle_editable_in_cart":false,"bundle_sold_individually_context":"","bundle_item_grouping":"","bundle_min_size":"","bundle_max_size":"","bundle_price":[],"bundled_items":[],"bundle_sell_ids":[],"_links":{"self":[{"href":"http:\/\/studiokoncept.se\/de\/wp-json\/wp\/v2\/product\/9998","targetHints":{"allow":["GET"]}}],"collection":[{"href":"http:\/\/studiokoncept.se\/de\/wp-json\/wp\/v2\/product"}],"about":[{"href":"http:\/\/studiokoncept.se\/de\/wp-json\/wp\/v2\/types\/product"}],"version-history":[{"count":0,"href":"http:\/\/studiokoncept.se\/de\/wp-json\/wp\/v2\/product\/9998\/revisions"}],"wp:featuredmedia":[{"embeddable":true,"href":"http:\/\/studiokoncept.se\/de\/wp-json\/wp\/v2\/media\/9990"}],"wp:attachment":[{"href":"http:\/\/studiokoncept.se\/de\/wp-json\/wp\/v2\/media?parent=9998"}],"wp:term":[{"taxonomy":"product_brand","embeddable":true,"href":"http:\/\/studiokoncept.se\/de\/wp-json\/wp\/v2\/product_brand?post=9998"},{"taxonomy":"product_cat","embeddable":true,"href":"http:\/\/studiokoncept.se\/de\/wp-json\/wp\/v2\/product_cat?post=9998"},{"taxonomy":"product_tag","embeddable":true,"href":"http:\/\/studiokoncept.se\/de\/wp-json\/wp\/v2\/product_tag?post=9998"}],"curies":[{"name":"wp","href":"https:\/\/api.w.org\/{rel}","templated":true}]}}