{"id":9946,"date":"2021-02-25T18:45:50","date_gmt":"2021-02-25T17:45:50","guid":{"rendered":"https:\/\/studiokoncept.se\/?post_type=product&#038;p=9946"},"modified":"2025-05-31T21:59:38","modified_gmt":"2025-05-31T19:59:38","slug":"rel-acoustics-arrow-wireless","status":"publish","type":"product","link":"http:\/\/studiokoncept.se\/de\/shop\/hogtalare\/subwoofers\/rel-acoustics-arrow-wireless\/","title":{"rendered":"Rel Acoustics Arrow Drahtlos"},"content":{"rendered":"<p><h3><\/h3><\/p>","protected":false},"excerpt":{"rendered":"<p>Arrow Wireless wurde speziell f\u00fcr die Rel Acoustics T\/i-Serie entwickelt. Der Sender erh\u00e4lt sein Signal vom Verst\u00e4rker (so dass Ihr Subwoofer und Ihre Lautsprecher genau das gleiche Signal erhalten). Der Receiver befindet sich an Ihrem T\/i-Subwoofer. Das System ist in 10 Sekunden betriebsbereit.<br \/>\nArrow erm\u00f6glicht die gleichzeitige \u00dcbertragung von Hochpegelsignalen f\u00fcr Stereo und .1\/LFE, die f\u00fcr ein hochwertiges Heimkinosystem ben\u00f6tigt werden.<br \/>\nSiehe Handbuch unten. <\/p>","protected":false},"featured_media":9945,"template":"","meta":[],"product_brand":[],"product_cat":[321],"product_tag":[],"class_list":{"0":"post-9946","1":"product","2":"type-product","3":"status-publish","4":"has-post-thumbnail","6":"product_cat-subwoofers","7":"product_shipping_class-standard","9":"first","10":"instock","11":"taxable","12":"shipping-taxable","13":"purchasable","14":"product-type-simple"},"bundled_by":[],"bundle_stock_status":"instock","bundle_stock_quantity":null,"bundle_virtual":false,"bundle_layout":"","bundle_add_to_cart_form_location":"","bundle_editable_in_cart":false,"bundle_sold_individually_context":"","bundle_item_grouping":"","bundle_min_size":"","bundle_max_size":"","bundle_price":[],"bundled_items":[],"bundle_sell_ids":[],"_links":{"self":[{"href":"http:\/\/studiokoncept.se\/de\/wp-json\/wp\/v2\/product\/9946","targetHints":{"allow":["GET"]}}],"collection":[{"href":"http:\/\/studiokoncept.se\/de\/wp-json\/wp\/v2\/product"}],"about":[{"href":"http:\/\/studiokoncept.se\/de\/wp-json\/wp\/v2\/types\/product"}],"version-history":[{"count":0,"href":"http:\/\/studiokoncept.se\/de\/wp-json\/wp\/v2\/product\/9946\/revisions"}],"wp:featuredmedia":[{"embeddable":true,"href":"http:\/\/studiokoncept.se\/de\/wp-json\/wp\/v2\/media\/9945"}],"wp:attachment":[{"href":"http:\/\/studiokoncept.se\/de\/wp-json\/wp\/v2\/media?parent=9946"}],"wp:term":[{"taxonomy":"product_brand","embeddable":true,"href":"http:\/\/studiokoncept.se\/de\/wp-json\/wp\/v2\/product_brand?post=9946"},{"taxonomy":"product_cat","embeddable":true,"href":"http:\/\/studiokoncept.se\/de\/wp-json\/wp\/v2\/product_cat?post=9946"},{"taxonomy":"product_tag","embeddable":true,"href":"http:\/\/studiokoncept.se\/de\/wp-json\/wp\/v2\/product_tag?post=9946"}],"curies":[{"name":"wp","href":"https:\/\/api.w.org\/{rel}","templated":true}]}}