{"id":9875,"date":"2021-02-20T19:28:24","date_gmt":"2021-02-20T18:28:24","guid":{"rendered":"https:\/\/studiokoncept.se\/?post_type=product&#038;p=9875"},"modified":"2025-03-01T13:48:40","modified_gmt":"2025-03-01T12:48:40","slug":"neotech-nemos-3080-hogtalarkabel-koppar-med-rabatterade-signalkablar","status":"publish","type":"product","link":"http:\/\/studiokoncept.se\/de\/shop\/kablar\/analoga-kablar\/hogtalarkablar\/neotech-nemos-3080-hogtalarkabel-koppar-med-rabatterade-signalkablar\/","title":{"rendered":"Neotech Nemos-3080 Lautsprecherkabel"},"content":{"rendered":"<p><h3><\/h3><\/p>","protected":false},"excerpt":{"rendered":"<p><h3>Perfektes Einstiegsniveau f\u00fcr Qualit\u00e4tsbewusste.<\/h3><br \/>\nEin Lautsprecherkabel der Serie 3080 von Neotech mit rechteckigen Leitern. Eine Serie, die unabh\u00e4ngig vom Preis wirklich gut ist! Hier in Kupfer.<\/p>\n<p>OBS! Die Teflon-Isolierung ist gro\u00dfartig, ben\u00f6tigt aber eine lange Aufnahmezeit, bevor sie ihre volle Wirkung entfalten kann. Danach verh\u00e4lt es sich wie jedes andere Kabel.<\/p>\n<p>Die folgenden Signalkabel sind mit dem Lautsprecherkabel verbunden. Es ist die gleiche Konstruktion und klingt auch so. Ich verstehe nicht, warum sie nicht denselben Namen haben.<\/p>\n<p>Preis pro Paar.<\/p>","protected":false},"featured_media":9862,"template":"","meta":[],"product_brand":[],"product_cat":[171],"product_tag":[],"class_list":{"0":"post-9875","1":"product","2":"type-product","3":"status-publish","4":"has-post-thumbnail","6":"product_cat-hogtalarkablar","7":"product_shipping_class-standard","9":"first","10":"instock","11":"taxable","12":"shipping-taxable","13":"purchasable","14":"product-type-variable","15":"has-default-attributes"},"bundled_by":[],"bundle_stock_status":"instock","bundle_stock_quantity":null,"bundle_virtual":false,"bundle_layout":"","bundle_add_to_cart_form_location":"","bundle_editable_in_cart":false,"bundle_sold_individually_context":"","bundle_item_grouping":"","bundle_min_size":"","bundle_max_size":"","bundle_price":[],"bundled_items":[],"bundle_sell_ids":[],"_links":{"self":[{"href":"http:\/\/studiokoncept.se\/de\/wp-json\/wp\/v2\/product\/9875","targetHints":{"allow":["GET"]}}],"collection":[{"href":"http:\/\/studiokoncept.se\/de\/wp-json\/wp\/v2\/product"}],"about":[{"href":"http:\/\/studiokoncept.se\/de\/wp-json\/wp\/v2\/types\/product"}],"version-history":[{"count":0,"href":"http:\/\/studiokoncept.se\/de\/wp-json\/wp\/v2\/product\/9875\/revisions"}],"wp:featuredmedia":[{"embeddable":true,"href":"http:\/\/studiokoncept.se\/de\/wp-json\/wp\/v2\/media\/9862"}],"wp:attachment":[{"href":"http:\/\/studiokoncept.se\/de\/wp-json\/wp\/v2\/media?parent=9875"}],"wp:term":[{"taxonomy":"product_brand","embeddable":true,"href":"http:\/\/studiokoncept.se\/de\/wp-json\/wp\/v2\/product_brand?post=9875"},{"taxonomy":"product_cat","embeddable":true,"href":"http:\/\/studiokoncept.se\/de\/wp-json\/wp\/v2\/product_cat?post=9875"},{"taxonomy":"product_tag","embeddable":true,"href":"http:\/\/studiokoncept.se\/de\/wp-json\/wp\/v2\/product_tag?post=9875"}],"curies":[{"name":"wp","href":"https:\/\/api.w.org\/{rel}","templated":true}]}}