{"id":9157,"date":"2020-10-12T13:06:42","date_gmt":"2020-10-12T11:06:42","guid":{"rendered":"https:\/\/studiokoncept.se\/?post_type=product&#038;p=9157"},"modified":"2025-08-02T08:39:43","modified_gmt":"2025-08-02T06:39:43","slug":"rel-acoustics-bassline-blue","status":"publish","type":"product","link":"http:\/\/studiokoncept.se\/de\/shop\/kablar\/analoga-kablar\/subwoofer-kablar\/rel-acoustics-bassline-blue\/","title":{"rendered":"Rel Acoustics Bassline Blau"},"content":{"rendered":"<h3><\/h3>","protected":false},"excerpt":{"rendered":"<h5 class=\"sub\">Ein auf Qualit\u00e4t optimiertes Kabel von Rel Acoustics f\u00fcr ihre Subwoofer!<\/h5>\n<p>Ein Kabel f\u00fcr alle, die ihren Rel zum Musikh\u00f6ren verwenden und eine noch bessere musikalische Verbindung zu ihren Lautsprechern und musikalischen\/instrumentalen Inhalten von ihrem REL Subwoofer w\u00fcnschen.<\/p>\n<p>Bassline Blue\u2122 ist ein vern\u00fcnftig dimensioniertes Kabel, das so konstruiert ist, dass es den Gesamtklang aller Aspekte der Leistung des Host-Systems verbessert. Wie bei jedem REL-Produkt geht die Verbesserung weit \u00fcber den offensichtlichen Bassbereich hinaus. Das gr\u00f6\u00dfte Verbesserungspotential liegt in der Art und Weise, wie die gesamte Klangb\u00fchne ausgeleuchtet wird. Dies ist eine ganz andere Qualit\u00e4t als Helligkeit. Die Beleuchtung bringt Licht auf die B\u00fchne und macht Kontraste und Klarheit sowie dynamische Schattierungen viel deutlicher.<\/p>","protected":false},"featured_media":10006,"template":"","meta":[],"product_brand":[],"product_cat":[488,321],"product_tag":[],"class_list":{"0":"post-9157","1":"product","2":"type-product","3":"status-publish","4":"has-post-thumbnail","6":"product_cat-subwoofer-kablar","7":"product_cat-subwoofers","8":"product_shipping_class-standard","10":"first","11":"instock","12":"taxable","13":"shipping-taxable","14":"purchasable","15":"product-type-variable","16":"has-default-attributes"},"bundled_by":[],"bundle_stock_status":"instock","bundle_stock_quantity":null,"bundle_virtual":false,"bundle_layout":"","bundle_add_to_cart_form_location":"","bundle_editable_in_cart":false,"bundle_sold_individually_context":"","bundle_item_grouping":"","bundle_min_size":"","bundle_max_size":"","bundle_price":[],"bundled_items":[],"bundle_sell_ids":[],"_links":{"self":[{"href":"http:\/\/studiokoncept.se\/de\/wp-json\/wp\/v2\/product\/9157","targetHints":{"allow":["GET"]}}],"collection":[{"href":"http:\/\/studiokoncept.se\/de\/wp-json\/wp\/v2\/product"}],"about":[{"href":"http:\/\/studiokoncept.se\/de\/wp-json\/wp\/v2\/types\/product"}],"version-history":[{"count":0,"href":"http:\/\/studiokoncept.se\/de\/wp-json\/wp\/v2\/product\/9157\/revisions"}],"wp:featuredmedia":[{"embeddable":true,"href":"http:\/\/studiokoncept.se\/de\/wp-json\/wp\/v2\/media\/10006"}],"wp:attachment":[{"href":"http:\/\/studiokoncept.se\/de\/wp-json\/wp\/v2\/media?parent=9157"}],"wp:term":[{"taxonomy":"product_brand","embeddable":true,"href":"http:\/\/studiokoncept.se\/de\/wp-json\/wp\/v2\/product_brand?post=9157"},{"taxonomy":"product_cat","embeddable":true,"href":"http:\/\/studiokoncept.se\/de\/wp-json\/wp\/v2\/product_cat?post=9157"},{"taxonomy":"product_tag","embeddable":true,"href":"http:\/\/studiokoncept.se\/de\/wp-json\/wp\/v2\/product_tag?post=9157"}],"curies":[{"name":"wp","href":"https:\/\/api.w.org\/{rel}","templated":true}]}}