{"id":8909,"date":"2020-09-19T14:53:51","date_gmt":"2020-09-19T12:53:51","guid":{"rendered":"https:\/\/studiokoncept.se\/?post_type=product&#038;p=8909"},"modified":"2023-07-11T22:28:11","modified_gmt":"2023-07-11T20:28:11","slug":"line-magnetic-lm-32-dac","status":"publish","type":"product","link":"http:\/\/studiokoncept.se\/de\/shop\/elektronik\/dac\/line-magnetic-lm-32-dac\/","title":{"rendered":"Linie Magnetic LM-32 DAC"},"content":{"rendered":"<p>Der Line Magnetic LM-32DAC ist eine Kombination aus dem ESS9028Pro Sabre Chip und analoger Technologie. Der DAC-Chip ist mit Hyperstream-Technologie, Pr\u00e4zisionstaktung und einer Aufl\u00f6sung von bis zu 32 Bit ausgestattet. Zur Versorgung mit Musik verf\u00fcgt der DAC \u00fcber einen AES-EBU-Eingang in XLR, sowie je einen S\/PDIF-Eingang in koaxial, BNC und optisch. Alle Eing\u00e4nge unterst\u00fctzen Abtastraten von bis zu 192 kHz bei 32 Bit - der USB 2.0-Anschluss erlaubt bis zu 384 kHz sowie DSD 256.<\/p>\n<p>Beim Line Magnetic LM-32DAC k\u00f6nnen Sie au\u00dferdem w\u00e4hlen, ob die Ausgangsstufe mit zwei 12AU7-R\u00f6hren oder mit Transistortechnik betrieben wird. Beide Optionen verwenden entweder unsymmetrische RCA- oder symmetrische XLR-Buchsen als Ausgang.<\/p>\n<p>Um der Schaltung die bestm\u00f6glichen Bedingungen zu bieten, verwendet Line Magnetic zwei getrennte Stromversorgungen f\u00fcr den digitalen und den analogen Teil. Der digitale Teil wird von einem RL-Transformator mit hochpr\u00e4ziser Transistorgleichrichtung gespeist, w\u00e4hrend die analogen Schaltungen von einem Ringkernmodell mit hoher Stromlieferf\u00e4higkeit versorgt werden.<\/p>","protected":false},"excerpt":{"rendered":"<p><h4>Kombinierter R\u00f6hren- und Transistor-DAC von Line Magnetic<\/h4><\/p>\n<p>Der neue DAC von Line Magnetic mit aktualisiertem DAC-Chip f\u00fcr DSD und der M\u00f6glichkeit, die Ausgangsstufe zwischen R\u00f6hre und Transistor zu w\u00e4hlen.<\/p>\n<p>Sie haben auch in getrennte Stromversorgungen f\u00fcr den Digitalteil und den Transistorteil investiert!<\/p>","protected":false},"featured_media":8911,"template":"","meta":[],"product_brand":[],"product_cat":[164],"product_tag":[],"class_list":{"0":"post-8909","1":"product","2":"type-product","3":"status-publish","4":"has-post-thumbnail","6":"product_cat-dac","7":"product_shipping_class-standard","9":"first","10":"instock","11":"taxable","12":"shipping-taxable","13":"purchasable","14":"product-type-simple"},"bundled_by":[],"bundle_stock_status":"instock","bundle_stock_quantity":null,"bundle_virtual":false,"bundle_layout":"","bundle_add_to_cart_form_location":"","bundle_editable_in_cart":false,"bundle_sold_individually_context":"","bundle_item_grouping":"","bundle_min_size":"","bundle_max_size":"","bundle_price":[],"bundled_items":[],"bundle_sell_ids":[],"_links":{"self":[{"href":"http:\/\/studiokoncept.se\/de\/wp-json\/wp\/v2\/product\/8909","targetHints":{"allow":["GET"]}}],"collection":[{"href":"http:\/\/studiokoncept.se\/de\/wp-json\/wp\/v2\/product"}],"about":[{"href":"http:\/\/studiokoncept.se\/de\/wp-json\/wp\/v2\/types\/product"}],"version-history":[{"count":0,"href":"http:\/\/studiokoncept.se\/de\/wp-json\/wp\/v2\/product\/8909\/revisions"}],"wp:featuredmedia":[{"embeddable":true,"href":"http:\/\/studiokoncept.se\/de\/wp-json\/wp\/v2\/media\/8911"}],"wp:attachment":[{"href":"http:\/\/studiokoncept.se\/de\/wp-json\/wp\/v2\/media?parent=8909"}],"wp:term":[{"taxonomy":"product_brand","embeddable":true,"href":"http:\/\/studiokoncept.se\/de\/wp-json\/wp\/v2\/product_brand?post=8909"},{"taxonomy":"product_cat","embeddable":true,"href":"http:\/\/studiokoncept.se\/de\/wp-json\/wp\/v2\/product_cat?post=8909"},{"taxonomy":"product_tag","embeddable":true,"href":"http:\/\/studiokoncept.se\/de\/wp-json\/wp\/v2\/product_tag?post=8909"}],"curies":[{"name":"wp","href":"https:\/\/api.w.org\/{rel}","templated":true}]}}