{"id":8873,"date":"2020-10-12T13:05:01","date_gmt":"2020-10-12T11:05:01","guid":{"rendered":"https:\/\/studiokoncept.se\/?post_type=product&#038;p=8873"},"modified":"2024-01-31T07:00:28","modified_gmt":"2024-01-31T06:00:28","slug":"rel-acoustics-airship","status":"publish","type":"product","link":"http:\/\/studiokoncept.se\/de\/shop\/hogtalare\/subwoofers\/rel-acoustics-airship\/","title":{"rendered":"Rel Acoustics Luftschiff"},"content":{"rendered":"<h3><\/h3>","protected":false},"excerpt":{"rendered":"<p>Rel Acoustics Airship ist ein \u00e4u\u00dferst praktisches Produkt. So k\u00f6nnen Sie den Subwoofer \u00fcberall aufstellen, ohne auf die L\u00e4nge des Kabels achten zu m\u00fcssen.<br \/>\nAirship arbeitet auf 5,8 Gigahertz, einer Frequenz, die bisher der NATO und dem US-Milit\u00e4r vorbehalten war. Damit ist die Grundlage f\u00fcr diese neue blitzschnelle, qualitativ hochwertige \u00dcbertragung ganz ohne Kompression gelegt.<\/p>\n<p>Es besteht aus einem Sender und einem Empf\u00e4nger und ist f\u00fcr 212\/SX, S\/510 und S\/812 konzipiert. Es ist auch mit dem G1 MK II kompatibel, wenn der Empf\u00e4nger auf dem Boden neben dem G1 MK II platziert wird.<\/p>\n<p>AirShip kann auch f\u00fcr die drahtlose High-Level-, Low-Level- und .1\/LFE-Kommunikation f\u00fcr Subwoofer anderer Hersteller verwendet werden.<\/p>","protected":false},"featured_media":8880,"template":"","meta":[],"product_brand":[],"product_cat":[321],"product_tag":[],"class_list":{"0":"post-8873","1":"product","2":"type-product","3":"status-publish","4":"has-post-thumbnail","6":"product_cat-subwoofers","7":"product_shipping_class-standard","9":"first","10":"instock","11":"taxable","12":"shipping-taxable","13":"purchasable","14":"product-type-simple"},"bundled_by":[],"bundle_stock_status":"instock","bundle_stock_quantity":null,"bundle_virtual":false,"bundle_layout":"","bundle_add_to_cart_form_location":"","bundle_editable_in_cart":false,"bundle_sold_individually_context":"","bundle_item_grouping":"","bundle_min_size":"","bundle_max_size":"","bundle_price":[],"bundled_items":[],"bundle_sell_ids":[],"_links":{"self":[{"href":"http:\/\/studiokoncept.se\/de\/wp-json\/wp\/v2\/product\/8873","targetHints":{"allow":["GET"]}}],"collection":[{"href":"http:\/\/studiokoncept.se\/de\/wp-json\/wp\/v2\/product"}],"about":[{"href":"http:\/\/studiokoncept.se\/de\/wp-json\/wp\/v2\/types\/product"}],"version-history":[{"count":0,"href":"http:\/\/studiokoncept.se\/de\/wp-json\/wp\/v2\/product\/8873\/revisions"}],"wp:featuredmedia":[{"embeddable":true,"href":"http:\/\/studiokoncept.se\/de\/wp-json\/wp\/v2\/media\/8880"}],"wp:attachment":[{"href":"http:\/\/studiokoncept.se\/de\/wp-json\/wp\/v2\/media?parent=8873"}],"wp:term":[{"taxonomy":"product_brand","embeddable":true,"href":"http:\/\/studiokoncept.se\/de\/wp-json\/wp\/v2\/product_brand?post=8873"},{"taxonomy":"product_cat","embeddable":true,"href":"http:\/\/studiokoncept.se\/de\/wp-json\/wp\/v2\/product_cat?post=8873"},{"taxonomy":"product_tag","embeddable":true,"href":"http:\/\/studiokoncept.se\/de\/wp-json\/wp\/v2\/product_tag?post=8873"}],"curies":[{"name":"wp","href":"https:\/\/api.w.org\/{rel}","templated":true}]}}