{"id":8831,"date":"2020-10-12T13:13:45","date_gmt":"2020-10-12T11:13:45","guid":{"rendered":"https:\/\/studiokoncept.se\/?post_type=product&#038;p=8831"},"modified":"2025-08-02T08:37:17","modified_gmt":"2025-08-02T06:37:17","slug":"rel-acoustics-s-812","status":"publish","type":"product","link":"http:\/\/studiokoncept.se\/de\/shop\/hogtalare\/subwoofers\/rel-acoustics-s-812\/","title":{"rendered":"Rel-Akustik S\/812"},"content":{"rendered":"<p>Der Subwoofer S\/812 von REL hat sich zu einer Referenz in seinem Segment entwickelt. Ein Nutzer beschreibt seine Erfahrungen mit dem Kauf eines Paars S\/812 und wie sie das Klangerlebnis in seinem System verbessert haben. Der Nutzer erw\u00e4hnt, dass sein vorheriges System ohne Subwoofer zwar zufriedenstellend war, ihm aber die tiefsten T\u00f6ne fehlten, insbesondere bei Orgel- und elektronischer Musik. Nach dem Lernen \u00fcber REL High-Level-Verbindungen und das Versprechen einer breiteren \/ tieferen Klangb\u00fchne, verbesserte Abbildung und Klang, wurde er daran interessiert, mehr zu erfahren. REL-Team empfahl ein Paar von S\/812s, trotz der anf\u00e4nglichen Bedenken des Benutzers, dass sie zu gro\u00df und leistungsstark f\u00fcr seine Situation sein w\u00fcrde. Nach dem Empfang der S\/812s, war er sofort sehr beeindruckt von der Bauqualit\u00e4t und erste Klangverbesserungen. Mit REL Online-Tutorial-Videos und Anweisungen, war er in der Lage, die Vorteile der Zugabe der S\/812s zu seinem System zu maximieren. Er beschreibt, wie selbst die kleinsten \u00c4nderungen in der Subwoofer-Platzierung und Einstellungen hatte einen erheblichen Einfluss auf das gesamte System klingen. Mit dem S\/812 kann er nun Details wie die vibrierenden Saiten einer Geige oder eines Klaviers, das Vibrato in der Stimme eines S\u00e4ngers, die holzige Resonanz des tiefsten Tons eines Kontrabasses oder einer Kirchenorgel sowie Audiodetails, die durch den Raum, in dem die Aufnahme gemacht wurde, eingefangen wurden, deutlich h\u00f6ren.<\/p>","protected":false},"excerpt":{"rendered":"<h3>Der preisgekr\u00f6nte S\/812 von Rel Acoustics.<\/h3>\n<p>Der S\/812 von REL ist ein Subwoofer, der das Medium-Chassis-Konzept von REL auf ein referenz\u00e4hnliches Leistungsniveau mit Stil, Sch\u00f6nheit und verheerender Kraft bringt.<\/p>\n<p>Er bietet eine unglaubliche Allround-Leistung f\u00fcr Musik und Film und gibt Kunden einen Vorgeschmack auf das, was ihre Referenzmodelle bieten, und das zu einem Bruchteil der Kosten.<\/p>","protected":false},"featured_media":8838,"template":"","meta":[],"product_brand":[],"product_cat":[321],"product_tag":[],"class_list":{"0":"post-8831","1":"product","2":"type-product","3":"status-publish","4":"has-post-thumbnail","6":"product_cat-subwoofers","7":"product_shipping_class-standard","9":"first","10":"instock","11":"taxable","12":"shipping-taxable","13":"purchasable","14":"product-type-variable"},"bundled_by":[],"bundle_stock_status":"instock","bundle_stock_quantity":null,"bundle_virtual":false,"bundle_layout":"","bundle_add_to_cart_form_location":"","bundle_editable_in_cart":false,"bundle_sold_individually_context":"","bundle_item_grouping":"","bundle_min_size":"","bundle_max_size":"","bundle_price":[],"bundled_items":[],"bundle_sell_ids":[],"_links":{"self":[{"href":"http:\/\/studiokoncept.se\/de\/wp-json\/wp\/v2\/product\/8831","targetHints":{"allow":["GET"]}}],"collection":[{"href":"http:\/\/studiokoncept.se\/de\/wp-json\/wp\/v2\/product"}],"about":[{"href":"http:\/\/studiokoncept.se\/de\/wp-json\/wp\/v2\/types\/product"}],"version-history":[{"count":0,"href":"http:\/\/studiokoncept.se\/de\/wp-json\/wp\/v2\/product\/8831\/revisions"}],"wp:featuredmedia":[{"embeddable":true,"href":"http:\/\/studiokoncept.se\/de\/wp-json\/wp\/v2\/media\/8838"}],"wp:attachment":[{"href":"http:\/\/studiokoncept.se\/de\/wp-json\/wp\/v2\/media?parent=8831"}],"wp:term":[{"taxonomy":"product_brand","embeddable":true,"href":"http:\/\/studiokoncept.se\/de\/wp-json\/wp\/v2\/product_brand?post=8831"},{"taxonomy":"product_cat","embeddable":true,"href":"http:\/\/studiokoncept.se\/de\/wp-json\/wp\/v2\/product_cat?post=8831"},{"taxonomy":"product_tag","embeddable":true,"href":"http:\/\/studiokoncept.se\/de\/wp-json\/wp\/v2\/product_tag?post=8831"}],"curies":[{"name":"wp","href":"https:\/\/api.w.org\/{rel}","templated":true}]}}