{"id":8813,"date":"2020-10-12T13:12:29","date_gmt":"2020-10-12T11:12:29","guid":{"rendered":"https:\/\/studiokoncept.se\/?post_type=product&#038;p=8813"},"modified":"2025-08-02T08:38:08","modified_gmt":"2025-08-02T06:38:08","slug":"rel-carbon-special-subwoofer","status":"publish","type":"product","link":"http:\/\/studiokoncept.se\/de\/shop\/hogtalare\/subwoofers\/rel-carbon-special-subwoofer\/","title":{"rendered":"REL Acoustics Carbon Spezial-Subwoofer"},"content":{"rendered":"<h3>REFERENZLEISTUNG F\u00dcR MITTLERE GR\u00d6SSE<\/h3>\n<p>W\u00e4hrend bei fr\u00fcheren Sondereditionen bestehende Geh\u00e4use, Treiber und Filter verwendet wurden, kommen bei der Carbon Special viele Elemente zum Einsatz, die exklusiv f\u00fcr die Carbon Special entwickelt wurden. Sie verwenden das neueste BlackWidow 12\" (350 mm) Kohlefaserelement, das entwickelt wurde, um eine \u00fcberragende dynamische Balance \u00fcber den gesamten Bereich des betr\u00e4chtlichen Federwegs von 4\" (100 mm) vorne und hinten zu liefern. Er ist besser in der Lage, die enorme Leistung zu bew\u00e4ltigen, die f\u00fcr eine explosive Dynamik erforderlich ist. REL hat ihn mit dem NextGen 5 gepaart, einem 1.000-Watt-Verst\u00e4rker, der sich sowohl als klangliches Wunderwerk als auch als absolut zuverl\u00e4ssig erwiesen hat. All dies wird von einem CS PerfectFilter gesteuert, einer speziell entwickelten Version der neuesten Entwicklung von Filtern, die beide Enden des Spektrums verbessert. Er liefert luftige, delikate Spitzen mit einer gr\u00f6\u00dferen Reichweite bis in die unteren Bereiche des Klangbildes sowie eine unverf\u00e4lschte, kraftvollere Ultra-Tiefbasswiedergabe. Wenn das zu sch\u00f6n klingt, um wahr zu sein, ist es das auch fast.<\/p>\n<p>Die Kabine ist tiefer als bei fr\u00fcheren Mittelklasse-Fahrgestellen, um die Leistung f\u00fcr diese neue Fahrerbesetzung zu optimieren. Der Look ist raffiniert und ausgereift, mit dezenten Karbonfaser-Details, die mit Chrom und poliertem Edelstahl verziert sind. REL glaubt, dass der Carbon Special einer der begehrtesten Ultra-High-Performance-Subwoofer aller Zeiten sein wird.<\/p>","protected":false},"excerpt":{"rendered":"<p>Rels Carbon Special: klingt wie ein gr\u00f6\u00dferes U-Boot und reagiert mit der gleichen Geschwindigkeit wie ein kleineres. Die interne Aufh\u00e4ngung wurde so abgestimmt, dass sie die Vorteile der ultraleichten und schnellen Membran aus Karbonfasern nutzt, um mehr Dynamik, Geschwindigkeit und Explosivit\u00e4t zu erzeugen, da die Steifigkeit der Membran auch schneller nachl\u00e4sst.<\/p>\n<p>Vorbereitet f\u00fcr Airship.<\/p>\n<p>Enormes Leistungspotenzial mit 1.000 W.<\/p>\n<p>Kann \u00fcbereinander gelegt werden.<\/p>\n<p><strong>Weitere Informationen finden Sie auf den folgenden Registerkarten<\/strong><\/p>","protected":false},"featured_media":8821,"template":"","meta":[],"product_brand":[],"product_cat":[321],"product_tag":[],"class_list":{"0":"post-8813","1":"product","2":"type-product","3":"status-publish","4":"has-post-thumbnail","6":"product_cat-subwoofers","7":"product_shipping_class-standard","9":"first","10":"instock","11":"taxable","12":"shipping-taxable","13":"purchasable","14":"product-type-simple"},"bundled_by":[],"bundle_stock_status":"instock","bundle_stock_quantity":null,"bundle_virtual":false,"bundle_layout":"","bundle_add_to_cart_form_location":"","bundle_editable_in_cart":false,"bundle_sold_individually_context":"","bundle_item_grouping":"","bundle_min_size":"","bundle_max_size":"","bundle_price":[],"bundled_items":[],"bundle_sell_ids":[],"_links":{"self":[{"href":"http:\/\/studiokoncept.se\/de\/wp-json\/wp\/v2\/product\/8813","targetHints":{"allow":["GET"]}}],"collection":[{"href":"http:\/\/studiokoncept.se\/de\/wp-json\/wp\/v2\/product"}],"about":[{"href":"http:\/\/studiokoncept.se\/de\/wp-json\/wp\/v2\/types\/product"}],"version-history":[{"count":0,"href":"http:\/\/studiokoncept.se\/de\/wp-json\/wp\/v2\/product\/8813\/revisions"}],"wp:featuredmedia":[{"embeddable":true,"href":"http:\/\/studiokoncept.se\/de\/wp-json\/wp\/v2\/media\/8821"}],"wp:attachment":[{"href":"http:\/\/studiokoncept.se\/de\/wp-json\/wp\/v2\/media?parent=8813"}],"wp:term":[{"taxonomy":"product_brand","embeddable":true,"href":"http:\/\/studiokoncept.se\/de\/wp-json\/wp\/v2\/product_brand?post=8813"},{"taxonomy":"product_cat","embeddable":true,"href":"http:\/\/studiokoncept.se\/de\/wp-json\/wp\/v2\/product_cat?post=8813"},{"taxonomy":"product_tag","embeddable":true,"href":"http:\/\/studiokoncept.se\/de\/wp-json\/wp\/v2\/product_tag?post=8813"}],"curies":[{"name":"wp","href":"https:\/\/api.w.org\/{rel}","templated":true}]}}