{"id":6754,"date":"2021-07-19T20:29:52","date_gmt":"2021-07-19T18:29:52","guid":{"rendered":"https:\/\/studiokoncept.se\/?post_type=product&#038;p=6754"},"modified":"2025-01-26T09:29:07","modified_gmt":"2025-01-26T08:29:07","slug":"gold-note-tuscany-redpickup","status":"publish","type":"product","link":"http:\/\/studiokoncept.se\/de\/shop\/vinyl\/pickuper\/gold-note-tuscany-redpickup\/","title":{"rendered":"Goldnote Toskana Rot"},"content":{"rendered":"<p><h3><\/h3><\/p>","protected":false},"excerpt":{"rendered":"<h3>Die rockigere der Gold Note Top-Auswahlen<\/h3>\n<p><a href=\"https:\/\/studiokoncept.se\/wp-content\/uploads\/Mono_Stereo_logo.png\"><img decoding=\"async\" class=\"alignleft size-medium wp-image-6755\" src=\"https:\/\/studiokoncept.se\/wp-content\/uploads\/Mono_Stereo_logo-300x103.png\" alt=\"\" width=\"173\" height=\"78\" \/>Tuscany Red\" hat es geschafft, die Verst\u00e4rkung durch die richtige Amplitudenanhebung zu bew\u00e4ltigen. Das ist es, was High-End-Audioprodukte von mittelm\u00e4\u00dfig klingenden Produkten unterscheidet. Eine ziemliche Leistung zu diesem Preis\", - Matej Isak<\/a><\/p>\n<p>Tuscany Red ist ein Tonabnehmer der absoluten Spitzenklasse und richtet sich an diejenigen, die harte Musik in einem Stil h\u00f6ren, der eher an ein fantastisches, aufgeregtes Live-Konzert mit Pa-Sound erinnert, im Gegensatz zum Gold-Modell, das sich eher an diejenigen richtet, die ein akustisches Live-Konzert als Vorbild haben. <\/p>\n<p>Er verf\u00fcgt \u00fcber einen von Adamant-Namiki entwickelten Micro Ridge-Diamantschliff.<\/p>","protected":false},"featured_media":6738,"template":"","meta":[],"product_brand":[],"product_cat":[317],"product_tag":[826],"class_list":{"0":"post-6754","1":"product","2":"type-product","3":"status-publish","4":"has-post-thumbnail","6":"product_cat-pickuper","7":"product_tag-gold-note-tuscany-red","8":"product_shipping_class-standard","10":"first","11":"instock","12":"taxable","13":"shipping-taxable","14":"purchasable","15":"product-type-simple"},"bundled_by":[],"bundle_stock_status":"instock","bundle_stock_quantity":null,"bundle_virtual":false,"bundle_layout":"","bundle_add_to_cart_form_location":"","bundle_editable_in_cart":false,"bundle_sold_individually_context":"","bundle_item_grouping":"","bundle_min_size":"","bundle_max_size":"","bundle_price":[],"bundled_items":[],"bundle_sell_ids":[],"_links":{"self":[{"href":"http:\/\/studiokoncept.se\/de\/wp-json\/wp\/v2\/product\/6754","targetHints":{"allow":["GET"]}}],"collection":[{"href":"http:\/\/studiokoncept.se\/de\/wp-json\/wp\/v2\/product"}],"about":[{"href":"http:\/\/studiokoncept.se\/de\/wp-json\/wp\/v2\/types\/product"}],"version-history":[{"count":0,"href":"http:\/\/studiokoncept.se\/de\/wp-json\/wp\/v2\/product\/6754\/revisions"}],"wp:featuredmedia":[{"embeddable":true,"href":"http:\/\/studiokoncept.se\/de\/wp-json\/wp\/v2\/media\/6738"}],"wp:attachment":[{"href":"http:\/\/studiokoncept.se\/de\/wp-json\/wp\/v2\/media?parent=6754"}],"wp:term":[{"taxonomy":"product_brand","embeddable":true,"href":"http:\/\/studiokoncept.se\/de\/wp-json\/wp\/v2\/product_brand?post=6754"},{"taxonomy":"product_cat","embeddable":true,"href":"http:\/\/studiokoncept.se\/de\/wp-json\/wp\/v2\/product_cat?post=6754"},{"taxonomy":"product_tag","embeddable":true,"href":"http:\/\/studiokoncept.se\/de\/wp-json\/wp\/v2\/product_tag?post=6754"}],"curies":[{"name":"wp","href":"https:\/\/api.w.org\/{rel}","templated":true}]}}