{"id":4943,"date":"2016-12-14T17:00:50","date_gmt":"2016-12-14T16:00:50","guid":{"rendered":"http:\/\/dev.kaliberonline.se\/?post_type=product&#038;p=4943"},"modified":"2023-07-11T22:32:25","modified_gmt":"2023-07-11T20:32:25","slug":"lm-150ia-integrerad-rorforstarkare-push-pull-kt150-2x100w","status":"publish","type":"product","link":"http:\/\/studiokoncept.se\/de\/shop\/elektronik\/integrerade-forstarkare\/lm-150ia-integrerad-rorforstarkare-push-pull-kt150-2x100w\/","title":{"rendered":"Line Magnetic LM-150IA R\u00f6hrenvollverst\u00e4rker - PUSH PULL KT150 - 2X100W"},"content":{"rendered":"<p><\/br><br \/>\nDer Line Magnetic LM-150iA ist ein hochwertiger integrierter R\u00f6hrenverst\u00e4rker. Er verwendet 4x KT150-R\u00f6hren in seiner Endstufe, ist in Klasse AB gepolt und liefert eine Leistung von 2x100W RMS. Die verwendeten R\u00f6hren sind Shuguang 12AX7, Shuguang 12AU7, Electro Harmonix 6SN7 und Tung-sol KT150. Line Magnetic w\u00e4hlt sorgf\u00e4ltig die am besten passenden R\u00f6hren aus, egal ob Vorstufe oder Endstufe, um die beste Klangqualit\u00e4t aus jedem Verst\u00e4rker herauszuholen.<\/p>\n<p>Der Verst\u00e4rker verf\u00fcgt \u00fcber ein High-End-Design, Punkt-zu-Punkt-Verkabelung, hochwertige Komponenten und hohe Leistung. Er verf\u00fcgt \u00fcber eine handgefertigte Konstruktion mit feinster Punkt-zu-Punkt-Verkabelung, und der Bias-Regler ist \u00fcber ein echtes Amperemeter auf der Oberseite des Verst\u00e4rkerpanels leicht zug\u00e4nglich. Er hat drei Line-Eing\u00e4nge, einen Bypass-Eingang und eine Lastimpedanz von 4\/8\/16\u03a9. Dar\u00fcber hinaus verf\u00fcgt er \u00fcber eine SoftStart- und Zeitverz\u00f6gerungsschaltung (30 Sekunden), einen speziell entwickelten EI-Transformator f\u00fcr die Stromversorgung und zwei breitbandige EI-Ausgangs\u00fcbertrager. Dar\u00fcber hinaus werden ALPS-Lautst\u00e4rkeregler und Realcap-Kondensatoren verwendet.<\/p>\n<p>Der Verst\u00e4rker wird mit einem abnehmbaren Schutzgitter aus Metall und einer Infrarot-Fernbedienung geliefert.<\/p>","protected":false},"excerpt":{"rendered":"<h3>Der R\u00f6hrenverst\u00e4rker f\u00fcr echte Leistung; 2x100W!<\/h3>\n<p>Der Verst\u00e4rker f\u00fcr diejenigen, die wirklich auf viel Leistung setzen. Mit 4 KT150 in Class AB ergibt das 2 x 100W.<\/p>\n<p>Hochwertige Komponenten sorgen f\u00fcr eine beispielhafte Langlebigkeit.<\/p>\n<p>Inklusive Fernbedienung und Gitterschutz.<\/p>\n<p>Ausf\u00fchrung: Schwarz<\/p>","protected":false},"featured_media":6180,"template":"","meta":[],"product_brand":[],"product_cat":[159,275],"product_tag":[],"class_list":{"0":"post-4943","1":"product","2":"type-product","3":"status-publish","4":"has-post-thumbnail","6":"product_cat-integrerade-forstarkare","7":"product_cat-rorforstarkare","8":"product_shipping_class-standard","10":"first","11":"instock","12":"taxable","13":"shipping-taxable","14":"purchasable","15":"product-type-simple"},"bundled_by":[],"bundle_stock_status":"instock","bundle_stock_quantity":null,"bundle_virtual":false,"bundle_layout":"","bundle_add_to_cart_form_location":"","bundle_editable_in_cart":false,"bundle_sold_individually_context":"","bundle_item_grouping":"","bundle_min_size":"","bundle_max_size":"","bundle_price":[],"bundled_items":[],"bundle_sell_ids":[],"_links":{"self":[{"href":"http:\/\/studiokoncept.se\/de\/wp-json\/wp\/v2\/product\/4943","targetHints":{"allow":["GET"]}}],"collection":[{"href":"http:\/\/studiokoncept.se\/de\/wp-json\/wp\/v2\/product"}],"about":[{"href":"http:\/\/studiokoncept.se\/de\/wp-json\/wp\/v2\/types\/product"}],"version-history":[{"count":0,"href":"http:\/\/studiokoncept.se\/de\/wp-json\/wp\/v2\/product\/4943\/revisions"}],"wp:featuredmedia":[{"embeddable":true,"href":"http:\/\/studiokoncept.se\/de\/wp-json\/wp\/v2\/media\/6180"}],"wp:attachment":[{"href":"http:\/\/studiokoncept.se\/de\/wp-json\/wp\/v2\/media?parent=4943"}],"wp:term":[{"taxonomy":"product_brand","embeddable":true,"href":"http:\/\/studiokoncept.se\/de\/wp-json\/wp\/v2\/product_brand?post=4943"},{"taxonomy":"product_cat","embeddable":true,"href":"http:\/\/studiokoncept.se\/de\/wp-json\/wp\/v2\/product_cat?post=4943"},{"taxonomy":"product_tag","embeddable":true,"href":"http:\/\/studiokoncept.se\/de\/wp-json\/wp\/v2\/product_tag?post=4943"}],"curies":[{"name":"wp","href":"https:\/\/api.w.org\/{rel}","templated":true}]}}