{"id":4892,"date":"2016-12-14T22:00:33","date_gmt":"2016-12-14T21:00:33","guid":{"rendered":"http:\/\/dev.kaliberonline.se\/?post_type=product&#038;p=4892"},"modified":"2023-07-11T21:47:39","modified_gmt":"2023-07-11T19:47:39","slug":"line-magnetic-lm-34ia-integrerad-forstarkare-push-pull-el34-2x40w","status":"publish","type":"product","link":"http:\/\/studiokoncept.se\/de\/shop\/elektronik\/integrerade-forstarkare\/line-magnetic-lm-34ia-integrerad-forstarkare-push-pull-el34-2x40w\/","title":{"rendered":"Line Magnetic LM-34IA Vollverst\u00e4rker - PUSH PULL EL34 - 2X40W"},"content":{"rendered":"<p>Der Line Magnetic LM-34ia ist ein integrierter R\u00f6hrenverst\u00e4rker, der bei Audiophilen und Musikliebhabern weltweit sehr beliebt ist. Der LM-34ia verwendet EL34-Ausgangsr\u00f6hren in einer Push-Pull-Konfiguration und liefert bis zu 40 Watt pro Kanal.<br \/>\nDer Verst\u00e4rker hat sowohl symmetrische XLR-Eing\u00e4nge als auch unsymmetrische Cinch-Eing\u00e4nge, wodurch er mit einer Vielzahl von Quellen kompatibel ist. Au\u00dferdem verf\u00fcgt er \u00fcber einen eingebauten MM-Phono-Verst\u00e4rker, der ihn perfekt f\u00fcr Vinyl-Liebhaber macht. Das robuste Edelstahlgeh\u00e4use und die sch\u00f6nen R\u00f6hren, die bei Erw\u00e4rmung leuchten, verleihen dem Verst\u00e4rker ein klassisches und zeitloses Aussehen.<\/p>","protected":false},"excerpt":{"rendered":"<p>Der LM-34IA ist ein handgefertigter Vollverst\u00e4rker mit stabiler Punkt-zu-Punkt-Verkabelung und 2x40W dank eines Push-Pull-Designs mit EL34-R\u00f6hren.<\/p>\n<p>Der LM-34IA bietet auch die M\u00f6glichkeit, einen Vorverst\u00e4rker oder eine Endstufe anzuschlie\u00dfen.<\/p>\n<p>Manuelle Bias-Einstellung und Voltmeter auf der Oberseite f\u00fcr einfache Einstellung.<\/p>\n<p>Inklusive Gitterabdeckung und Fernbedienung.<\/p>","protected":false},"featured_media":6156,"template":"","meta":[],"product_brand":[],"product_cat":[159,275],"product_tag":[],"class_list":{"0":"post-4892","1":"product","2":"type-product","3":"status-publish","4":"has-post-thumbnail","6":"product_cat-integrerade-forstarkare","7":"product_cat-rorforstarkare","8":"product_shipping_class-standard","10":"first","11":"instock","12":"taxable","13":"shipping-taxable","14":"purchasable","15":"product-type-simple"},"bundled_by":[],"bundle_stock_status":"instock","bundle_stock_quantity":null,"bundle_virtual":false,"bundle_layout":"","bundle_add_to_cart_form_location":"","bundle_editable_in_cart":false,"bundle_sold_individually_context":"","bundle_item_grouping":"","bundle_min_size":"","bundle_max_size":"","bundle_price":[],"bundled_items":[],"bundle_sell_ids":[],"_links":{"self":[{"href":"http:\/\/studiokoncept.se\/de\/wp-json\/wp\/v2\/product\/4892","targetHints":{"allow":["GET"]}}],"collection":[{"href":"http:\/\/studiokoncept.se\/de\/wp-json\/wp\/v2\/product"}],"about":[{"href":"http:\/\/studiokoncept.se\/de\/wp-json\/wp\/v2\/types\/product"}],"version-history":[{"count":0,"href":"http:\/\/studiokoncept.se\/de\/wp-json\/wp\/v2\/product\/4892\/revisions"}],"wp:featuredmedia":[{"embeddable":true,"href":"http:\/\/studiokoncept.se\/de\/wp-json\/wp\/v2\/media\/6156"}],"wp:attachment":[{"href":"http:\/\/studiokoncept.se\/de\/wp-json\/wp\/v2\/media?parent=4892"}],"wp:term":[{"taxonomy":"product_brand","embeddable":true,"href":"http:\/\/studiokoncept.se\/de\/wp-json\/wp\/v2\/product_brand?post=4892"},{"taxonomy":"product_cat","embeddable":true,"href":"http:\/\/studiokoncept.se\/de\/wp-json\/wp\/v2\/product_cat?post=4892"},{"taxonomy":"product_tag","embeddable":true,"href":"http:\/\/studiokoncept.se\/de\/wp-json\/wp\/v2\/product_tag?post=4892"}],"curies":[{"name":"wp","href":"https:\/\/api.w.org\/{rel}","templated":true}]}}