{"id":20954,"date":"2025-03-02T22:27:28","date_gmt":"2025-03-02T21:27:28","guid":{"rendered":"https:\/\/studiokoncept.se\/?post_type=product&#038;p=20954"},"modified":"2025-03-02T22:35:11","modified_gmt":"2025-03-02T21:35:11","slug":"neotech-neub-1020-usb-kabel","status":"publish","type":"product","link":"http:\/\/studiokoncept.se\/de\/shop\/kablar\/digitala-kablar\/usb-kablar\/neotech-neub-1020-usb-kabel\/","title":{"rendered":"Neotech NEUB-1020 USB-Kabel"},"content":{"rendered":"<h3 data-start=\"314\" data-end=\"357\"><strong data-start=\"318\" data-end=\"357\">Was ist OCC-Silber in NEUB-1020?<\/strong><\/h3>\n<ol data-start=\"358\" data-end=\"1544\">\n<li data-start=\"358\" data-end=\"669\">\n<p data-start=\"361\" data-end=\"395\"><strong data-start=\"361\" data-end=\"393\">\u00c4u\u00dferst hohe Leitf\u00e4higkeit:<\/strong><\/p>\n<ul data-start=\"399\" data-end=\"669\">\n<li data-start=\"399\" data-end=\"535\">Silber hat von allen Metallen die h\u00f6chste elektrische Leitf\u00e4higkeit, so dass das Signal mit einer hohen Genauigkeit \u00fcbertragen werden kann. <strong data-start=\"510\" data-end=\"532\">minimale Verluste<\/strong>.<\/li>\n<li data-start=\"539\" data-end=\"669\">Im Vergleich zu Kupfer hat Silber einen geringeren Widerstand, was bedeutet, dass ein gr\u00f6\u00dferer Teil des Signals ohne W\u00e4rmeverlust oder Verzerrung \u00fcbertragen wird.<\/li>\n<\/ul>\n<\/li>\n<li data-start=\"671\" data-end=\"955\">\n<p data-start=\"674\" data-end=\"723\"><strong data-start=\"674\" data-end=\"721\">L\u00e4ngliche Kristallstruktur (OCC-Methode):<\/strong><\/p>\n<ul data-start=\"727\" data-end=\"955\">\n<li data-start=\"727\" data-end=\"826\">Gew\u00f6hnlicher Silberdraht hat viele Kristallgrenzen, die mikroskopische Signalverzerrungen verursachen k\u00f6nnen.<\/li>\n<li data-start=\"830\" data-end=\"955\">Der OCC-Prozess schafft <strong data-start=\"853\" data-end=\"886\">nahezu monokristalline Leiter<\/strong>die diese Hindernisse beseitigt und Folgendes bietet <strong data-start=\"927\" data-end=\"954\">sauberere Signal\u00fcbertragung<\/strong>.<\/li>\n<\/ul>\n<\/li>\n<li data-start=\"957\" data-end=\"1254\">\n<p data-start=\"960\" data-end=\"998\"><strong data-start=\"960\" data-end=\"996\">Weniger Jitter und besseres Timing:<\/strong><\/p>\n<ul data-start=\"1002\" data-end=\"1254\">\n<li data-start=\"1002\" data-end=\"1156\">Silberne Leiter verbessern die \u00dcbertragung von digitalen Signalen, indem sie Zeitschwankungen (Jitter) reduzieren, was f\u00fcr <strong data-start=\"1128\" data-end=\"1153\">USB-Audio-Anwendungen<\/strong>.<\/li>\n<li data-start=\"1160\" data-end=\"1254\">Dies tr\u00e4gt dazu bei <strong data-start=\"1180\" data-end=\"1253\">bessere Audio-Details, tiefere Klangb\u00fchne und nat\u00fcrlichere Wiedergabe<\/strong>.<\/li>\n<\/ul>\n<\/li>\n<li data-start=\"1256\" data-end=\"1544\">\n<p data-start=\"1259\" data-end=\"1285\"><strong data-start=\"1259\" data-end=\"1283\">Erweiterte Abschirmung:<\/strong><\/p>\n<ul data-start=\"1289\" data-end=\"1544\">\n<li data-start=\"1289\" data-end=\"1450\">Da USB-Signale empfindlich auf elektromagnetische St\u00f6rungen (EMI\/RFI) reagieren, ist der NEUB-1020 mit einem <strong data-start=\"1386\" data-end=\"1411\">Mehrschichtige Abschirmung<\/strong> um externe St\u00f6rungen zu blockieren.<\/li>\n<li data-start=\"1454\" data-end=\"1544\">Dadurch wird sichergestellt, dass das Audiosignal <strong data-start=\"1500\" data-end=\"1543\">unver\u00e4ndert und frei von elektrischem Rauschen<\/strong>.<\/li>\n<\/ul>\n<\/li>\n<\/ol>","protected":false},"excerpt":{"rendered":"<h3 data-start=\"0\" data-end=\"58\"><strong data-start=\"4\" data-end=\"58\">Neotech NEUB-1020 ist ein USB-Kabel mit Silberleitern<\/strong>.<\/h3>\n<pre data-start=\"0\" data-end=\"58\">Im Gegensatz zu <strong data-start=\"79\" data-end=\"92\">NEUB-3020<\/strong>, die die <strong data-start=\"107\" data-end=\"121\">OCC-Becher<\/strong>ist <strong data-start=\"126\" data-end=\"166\">NEUB-1020 gebaut mit OCC Silber<\/strong> (Ohno Continuous Cast Silver), was ihm noch bessere elektrische Eigenschaften verleiht, insbesondere in Bezug auf Signalreinheit und Detailwiedergabe.<\/pre>","protected":false},"featured_media":6524,"template":"","meta":[],"product_brand":[],"product_cat":[172],"product_tag":[],"class_list":{"0":"post-20954","1":"product","2":"type-product","3":"status-publish","4":"has-post-thumbnail","6":"product_cat-usb-kablar","7":"product_shipping_class-standard","9":"first","10":"instock","11":"taxable","12":"shipping-taxable","13":"purchasable","14":"product-type-variable"},"bundled_by":[],"bundle_stock_status":"instock","bundle_stock_quantity":null,"bundle_virtual":false,"bundle_layout":"","bundle_add_to_cart_form_location":"","bundle_editable_in_cart":false,"bundle_sold_individually_context":"","bundle_item_grouping":"","bundle_min_size":"","bundle_max_size":"","bundle_price":[],"bundled_items":[],"bundle_sell_ids":[],"_links":{"self":[{"href":"http:\/\/studiokoncept.se\/de\/wp-json\/wp\/v2\/product\/20954","targetHints":{"allow":["GET"]}}],"collection":[{"href":"http:\/\/studiokoncept.se\/de\/wp-json\/wp\/v2\/product"}],"about":[{"href":"http:\/\/studiokoncept.se\/de\/wp-json\/wp\/v2\/types\/product"}],"version-history":[{"count":0,"href":"http:\/\/studiokoncept.se\/de\/wp-json\/wp\/v2\/product\/20954\/revisions"}],"wp:featuredmedia":[{"embeddable":true,"href":"http:\/\/studiokoncept.se\/de\/wp-json\/wp\/v2\/media\/6524"}],"wp:attachment":[{"href":"http:\/\/studiokoncept.se\/de\/wp-json\/wp\/v2\/media?parent=20954"}],"wp:term":[{"taxonomy":"product_brand","embeddable":true,"href":"http:\/\/studiokoncept.se\/de\/wp-json\/wp\/v2\/product_brand?post=20954"},{"taxonomy":"product_cat","embeddable":true,"href":"http:\/\/studiokoncept.se\/de\/wp-json\/wp\/v2\/product_cat?post=20954"},{"taxonomy":"product_tag","embeddable":true,"href":"http:\/\/studiokoncept.se\/de\/wp-json\/wp\/v2\/product_tag?post=20954"}],"curies":[{"name":"wp","href":"https:\/\/api.w.org\/{rel}","templated":true}]}}