{"id":20039,"date":"2024-08-01T14:32:53","date_gmt":"2024-08-01T12:32:53","guid":{"rendered":"https:\/\/studiokoncept.se\/?post_type=product&#038;p=20039"},"modified":"2024-08-01T18:03:11","modified_gmt":"2024-08-01T16:03:11","slug":"ifi-audio-zen-one-signature","status":"publish","type":"product","link":"http:\/\/studiokoncept.se\/de\/shop\/elektronik\/dac\/ifi-audio-zen-one-signature\/","title":{"rendered":"Ifi Audio Zen One Unterschrift"},"content":{"rendered":"<ul>\n<li><strong>Hi-Res Audio-Unterst\u00fctzung<\/strong>ZEN One Signature: Der ZEN One Signature verarbeitet eine Vielzahl von hochaufl\u00f6senden Audioformaten, darunter PCM mit bis zu 32 Bit\/384 kHz und DSD256. Au\u00dferdem bietet er eine vollst\u00e4ndige MQA-Dekodierung, damit Sie die Musik genau so h\u00f6ren, wie es der K\u00fcnstler beabsichtigt hat.<\/li>\n<li><strong>Erweiterte Bluetooth-Technologie<\/strong>Das Ger\u00e4t bietet HD-Bluetooth der n\u00e4chsten Generation mit Unterst\u00fctzung f\u00fcr Codecs wie aptX Adaptive, aptX HD, LDAC und HWA\/LHDC. Die High-Gain-Antenne sorgt f\u00fcr eine erweiterte Bluetooth-Reichweite und gew\u00e4hrleistet unabh\u00e4ngig von der Quelle eine hohe Audioqualit\u00e4t.<\/li>\n<li><strong>Symmetrisches Schaltungsdesign<\/strong>Der ZEN One Signature verwendet ein symmetrisches Schaltungsdesign mit Signature-Komponenten wie TDK C0G-Kondensatoren und Vishay MELF-Widerst\u00e4nden, die f\u00fcr extrem niedrige Verzerrungen und au\u00dfergew\u00f6hnliche Klangreinheit sorgen.<\/li>\n<li><strong>Leistungsstarker XMOS-Prozessor<\/strong>Ein XMOS-Prozessor mit 16 Kernen verarbeitet Audiodaten und f\u00fchrt eine vollst\u00e4ndige MQA-Dekodierung durch, die die Klangqualit\u00e4t durch die Beseitigung von Jitter und digitalen Verzerrungen verbessert.<\/li>\n<li><strong>Umfassende Konnektivit\u00e4t<\/strong>Der ZEN One Signature bietet sowohl koaxiale und optische S\/PDIF-Digitalausg\u00e4nge als auch analoge Ausg\u00e4nge wie symmetrische 4,4-mm- und Cinch-Anschl\u00fcsse. Dadurch ist er mit einer breiten Palette von Audioger\u00e4ten kompatibel.<\/li>\n<li><strong>Reinheit des Designs<\/strong>ZEN One Signature: Im Gegensatz zu einigen anderen Modellen der Produktreihe verf\u00fcgt der ZEN One Signature \u00fcber keinen integrierten Kopfh\u00f6rerverst\u00e4rker oder Lautst\u00e4rkeregler und ist damit der ultimative DAC f\u00fcr saubere Audiosignale f\u00fcr Ihr Soundsystem<span class=\"\" data-state=\"closed\"><span class=\"text-token-text-secondary\"> (<\/span><a class=\"text-green-600 !no-underline\" href=\"https:\/\/ifi-audio.com\/products\/zen-one-signature\/\" target=\"_blank\" rel=\"noopener noreferrer\">iFi-Audio<\/a><span class=\"text-token-text-secondary\">)<\/span><\/span>\u200b\u200b<span class=\"\" data-state=\"closed\"><span class=\"text-token-text-secondary\"> (<\/span><a class=\"text-green-600 !no-underline\" href=\"https:\/\/staging.ifi-audio.com\/products\/zen-one-signature\/#:~:text=URL%3A%20https%3A%2F%2Fstaging.ifi,100\" target=\"_blank\" rel=\"noopener noreferrer\">iFi-Audio<\/a><span class=\"text-token-text-secondary\">)<\/span><\/span>.<\/li>\n<\/ul>\n<h4>Klangqualit\u00e4t und Leistung<\/h4>\n<p>Der ZEN One Signature wurde f\u00fcr eine kristallklare Klangwiedergabe entwickelt. Das symmetrische Schaltungsdesign reduziert Rauschen und \u00dcbersprechen, was zu einem sauberen und pr\u00e4zisen Klangbild f\u00fchrt. Die fortschrittliche Bluetooth-Technologie mit Unterst\u00fctzung f\u00fcr hochaufl\u00f6sende Codecs sorgt daf\u00fcr, dass auch kabellose Verbindungen die bestm\u00f6gliche Klangqualit\u00e4t liefern.<\/p>\n<p>Die verbesserte GMT-F\u00fcnf-Pr\u00e4zisionstaktung und ma\u00dfgeschneiderte Digitalfilter sorgen daf\u00fcr, dass digitale Verzerrungen auf ein Minimum reduziert werden, was zu einem detailreichen und dynamischen H\u00f6rerlebnis f\u00fchrt. Der ZEN One Signature eignet sich besonders f\u00fcr Benutzer, die Klangqualit\u00e4t \u00fcber Lautst\u00e4rkeregelung und Verst\u00e4rkerm\u00f6glichkeiten stellen.<\/p>","protected":false},"excerpt":{"rendered":"<p>iFi Audio's <strong>ZEN One Unterschrift<\/strong> ist ein fortschrittlicher Digital-Analog-Wandler (DAC), der als zentrale Schaltstelle f\u00fcr Ihr Heim-Audiosystem fungiert. Er wurde entwickelt, um qualitativ hochwertigen Klang von all Ihren digitalen Quellen, einschlie\u00dflich Smartphones, Computern, Fernsehern und Spielekonsolen, zu liefern.<\/p>","protected":false},"featured_media":20041,"template":"","meta":[],"product_brand":[],"product_cat":[164,163],"product_tag":[],"class_list":{"0":"post-20039","1":"product","2":"type-product","3":"status-publish","4":"has-post-thumbnail","6":"product_cat-dac","7":"product_cat-horlursforstarkare","8":"product_shipping_class-standard","10":"first","11":"instock","12":"taxable","13":"shipping-taxable","14":"purchasable","15":"product-type-simple"},"bundled_by":[],"bundle_stock_status":"instock","bundle_stock_quantity":null,"bundle_virtual":false,"bundle_layout":"","bundle_add_to_cart_form_location":"","bundle_editable_in_cart":false,"bundle_sold_individually_context":"","bundle_item_grouping":"","bundle_min_size":"","bundle_max_size":"","bundle_price":[],"bundled_items":[],"bundle_sell_ids":[],"_links":{"self":[{"href":"http:\/\/studiokoncept.se\/de\/wp-json\/wp\/v2\/product\/20039","targetHints":{"allow":["GET"]}}],"collection":[{"href":"http:\/\/studiokoncept.se\/de\/wp-json\/wp\/v2\/product"}],"about":[{"href":"http:\/\/studiokoncept.se\/de\/wp-json\/wp\/v2\/types\/product"}],"version-history":[{"count":0,"href":"http:\/\/studiokoncept.se\/de\/wp-json\/wp\/v2\/product\/20039\/revisions"}],"wp:featuredmedia":[{"embeddable":true,"href":"http:\/\/studiokoncept.se\/de\/wp-json\/wp\/v2\/media\/20041"}],"wp:attachment":[{"href":"http:\/\/studiokoncept.se\/de\/wp-json\/wp\/v2\/media?parent=20039"}],"wp:term":[{"taxonomy":"product_brand","embeddable":true,"href":"http:\/\/studiokoncept.se\/de\/wp-json\/wp\/v2\/product_brand?post=20039"},{"taxonomy":"product_cat","embeddable":true,"href":"http:\/\/studiokoncept.se\/de\/wp-json\/wp\/v2\/product_cat?post=20039"},{"taxonomy":"product_tag","embeddable":true,"href":"http:\/\/studiokoncept.se\/de\/wp-json\/wp\/v2\/product_tag?post=20039"}],"curies":[{"name":"wp","href":"https:\/\/api.w.org\/{rel}","templated":true}]}}