{"id":18902,"date":"2024-01-22T17:10:45","date_gmt":"2024-01-22T16:10:45","guid":{"rendered":"https:\/\/studiokoncept.se\/?post_type=product&#038;p=18902"},"modified":"2024-01-27T07:12:33","modified_gmt":"2024-01-27T06:12:33","slug":"entreq-power-ac-digital-argo-kopia","status":"publish","type":"product","link":"http:\/\/studiokoncept.se\/de\/shop\/kablar\/natkablar\/dc-5-24v-kablar\/entreq-power-ac-digital-argo-kopia\/","title":{"rendered":"Entreq Power DC Argo"},"content":{"rendered":"<h3><\/h3>\n<h3><\/h3>","protected":false},"excerpt":{"rendered":"<h3>Speziell entwickeltes Netzkabel f\u00fcr Produkte, die keinen Strom verbrauchen<\/h3>\n<p>3-adriges AC-Netzkabel der Argo-Serie, die untere Serie der neuen geflochtenen Kabel.<\/p>\n<p>Sie k\u00f6nnen h\u00f6ren, dass z. B. Vorverst\u00e4rker und DACs mit diesen speziell f\u00fcr weniger stromhungrige Produkte entwickelten Kabeln einen h\u00f6heren Grad an Freiheit und Geschwindigkeit erhalten.<\/p>","protected":false},"featured_media":0,"template":"","meta":[],"product_brand":[],"product_cat":[632],"product_tag":[692,714],"class_list":{"0":"post-18902","1":"product","2":"type-product","3":"status-publish","5":"product_cat-dc-5-24v-kablar","6":"product_tag-entreq","7":"product_tag-entreq-ac-digitalkabel","9":"first","10":"instock","11":"taxable","12":"shipping-taxable","13":"purchasable","14":"product-type-variable","15":"has-default-attributes"},"bundled_by":[],"bundle_stock_status":"instock","bundle_stock_quantity":null,"bundle_virtual":false,"bundle_layout":"","bundle_add_to_cart_form_location":"","bundle_editable_in_cart":false,"bundle_sold_individually_context":"","bundle_item_grouping":"","bundle_min_size":"","bundle_max_size":"","bundle_price":[],"bundled_items":[],"bundle_sell_ids":[],"_links":{"self":[{"href":"http:\/\/studiokoncept.se\/de\/wp-json\/wp\/v2\/product\/18902","targetHints":{"allow":["GET"]}}],"collection":[{"href":"http:\/\/studiokoncept.se\/de\/wp-json\/wp\/v2\/product"}],"about":[{"href":"http:\/\/studiokoncept.se\/de\/wp-json\/wp\/v2\/types\/product"}],"version-history":[{"count":0,"href":"http:\/\/studiokoncept.se\/de\/wp-json\/wp\/v2\/product\/18902\/revisions"}],"wp:attachment":[{"href":"http:\/\/studiokoncept.se\/de\/wp-json\/wp\/v2\/media?parent=18902"}],"wp:term":[{"taxonomy":"product_brand","embeddable":true,"href":"http:\/\/studiokoncept.se\/de\/wp-json\/wp\/v2\/product_brand?post=18902"},{"taxonomy":"product_cat","embeddable":true,"href":"http:\/\/studiokoncept.se\/de\/wp-json\/wp\/v2\/product_cat?post=18902"},{"taxonomy":"product_tag","embeddable":true,"href":"http:\/\/studiokoncept.se\/de\/wp-json\/wp\/v2\/product_tag?post=18902"}],"curies":[{"name":"wp","href":"https:\/\/api.w.org\/{rel}","templated":true}]}}