{"id":18747,"date":"2023-10-05T21:49:06","date_gmt":"2023-10-05T19:49:06","guid":{"rendered":"https:\/\/studiokoncept.se\/?post_type=product&#038;p=18747"},"modified":"2025-01-26T13:30:35","modified_gmt":"2025-01-26T12:30:35","slug":"gold-note-pa-10-evo","status":"publish","type":"product","link":"http:\/\/studiokoncept.se\/de\/shop\/elektronik\/slutsteg\/gold-note-pa-10-evo\/","title":{"rendered":"Gold Note PA-10 Evo"},"content":{"rendered":"<p>Der Gold Note PA-10 EVO ist ein vollsymmetrischer Hochleistungsverst\u00e4rker, der sich durch seine kompakte Gr\u00f6\u00dfe und Vielseitigkeit auszeichnet und f\u00fcr moderne High-End-Audiosysteme entwickelt wurde. Er ist musikalisch ansprechend und kontrolliert und kann jeden Lautsprecher mit garantierter Leistung und Kontrolle ansteuern. Der PA-10 EVO kann sowohl im Stereo- als auch im Monobetrieb eingesetzt werden, und mit zwei Ger\u00e4ten als Monoblock bietet er die beste Audioleistung. Er wurde sorgf\u00e4ltig mit ausgew\u00e4hlten Komponenten entwickelt, sorgf\u00e4ltig zusammengebaut und von Hand getestet. Das ultrastabile Aluminiumgeh\u00e4use ist von der Elektronik der Serie 10 abgeleitet und integriert den PA-10 EVO in ein einheitliches Konzept, das vom italienischen Stil und dem modularen Design von Gold Note inspiriert ist. Trotz seiner Gr\u00f6\u00dfe ist der PA-10 EVO extrem leistungsf\u00e4hig und effizient. Dank seines einstellbaren D\u00e4mpfungsfaktors, seiner kompakten Gr\u00f6\u00dfe und der Mono-Modus-Technologie ist der PA-10 EVO so vielseitig, dass er perfekt zu jedem Lautsprecher passt. Er verf\u00fcgt \u00fcber RCA- und XLR-Eing\u00e4nge und ist dank der GN Link-Technologie einfach zu bedienen. Der PA-10 EVO ist die ideale Endstufe f\u00fcr ein zeitgem\u00e4\u00dfes System. Bitte beachten Sie, dass der PA-10 EVO nicht mit dem PA-10 kombiniert werden kann, aber er ist voll kompatibel mit all unserer Elektronik, Verst\u00e4rkern und R\u00f6hrenverst\u00e4rkern.<\/p>","protected":false},"excerpt":{"rendered":"<p>Der Gold Note PA-10 EVO ist ein kompakter, aber leistungsstarker Verst\u00e4rker, der f\u00fcr moderne Qualit\u00e4tssysteme entwickelt wurde.<\/p>\n<p>Trotz seiner Gr\u00f6\u00dfe liefert er 140 W in Stereo an 8\u03a9 und bis zu 280 W in Mono an 8\u03a9.<\/p>\n<p>Er kann sowohl im Stereo- als auch im Monobetrieb verwendet werden und ist perfekt an alle Lautsprechertypen angepasst. Er ist vom italienischen Stil und dem modularen Design von Gold Note inspiriert.<\/p>","protected":false},"featured_media":18753,"template":"","meta":[],"product_brand":[],"product_cat":[161],"product_tag":[],"class_list":{"0":"post-18747","1":"product","2":"type-product","3":"status-publish","4":"has-post-thumbnail","6":"product_cat-slutsteg","8":"first","9":"instock","10":"taxable","11":"shipping-taxable","12":"purchasable","13":"product-type-variable"},"bundled_by":[],"bundle_stock_status":"instock","bundle_stock_quantity":null,"bundle_virtual":false,"bundle_layout":"","bundle_add_to_cart_form_location":"","bundle_editable_in_cart":false,"bundle_sold_individually_context":"","bundle_item_grouping":"","bundle_min_size":"","bundle_max_size":"","bundle_price":[],"bundled_items":[],"bundle_sell_ids":[],"_links":{"self":[{"href":"http:\/\/studiokoncept.se\/de\/wp-json\/wp\/v2\/product\/18747","targetHints":{"allow":["GET"]}}],"collection":[{"href":"http:\/\/studiokoncept.se\/de\/wp-json\/wp\/v2\/product"}],"about":[{"href":"http:\/\/studiokoncept.se\/de\/wp-json\/wp\/v2\/types\/product"}],"version-history":[{"count":0,"href":"http:\/\/studiokoncept.se\/de\/wp-json\/wp\/v2\/product\/18747\/revisions"}],"wp:featuredmedia":[{"embeddable":true,"href":"http:\/\/studiokoncept.se\/de\/wp-json\/wp\/v2\/media\/18753"}],"wp:attachment":[{"href":"http:\/\/studiokoncept.se\/de\/wp-json\/wp\/v2\/media?parent=18747"}],"wp:term":[{"taxonomy":"product_brand","embeddable":true,"href":"http:\/\/studiokoncept.se\/de\/wp-json\/wp\/v2\/product_brand?post=18747"},{"taxonomy":"product_cat","embeddable":true,"href":"http:\/\/studiokoncept.se\/de\/wp-json\/wp\/v2\/product_cat?post=18747"},{"taxonomy":"product_tag","embeddable":true,"href":"http:\/\/studiokoncept.se\/de\/wp-json\/wp\/v2\/product_tag?post=18747"}],"curies":[{"name":"wp","href":"https:\/\/api.w.org\/{rel}","templated":true}]}}