{"id":18739,"date":"2023-10-05T20:43:14","date_gmt":"2023-10-05T18:43:14","guid":{"rendered":"https:\/\/studiokoncept.se\/?post_type=product&#038;p=18739"},"modified":"2025-01-26T13:28:12","modified_gmt":"2025-01-26T12:28:12","slug":"gold-note-is-10","status":"publish","type":"product","link":"http:\/\/studiokoncept.se\/de\/shop\/elektronik\/streaming\/streamers\/gold-note-is-10\/","title":{"rendered":"Gold-Note IS-10"},"content":{"rendered":"<p>Gold-Note IS-10:<\/p>\n<p>\u00dcberblick:<br \/>\nDer Gold Notes IS-10 repr\u00e4sentiert die Spitze der modernen hochwertigen Audiotechnologie in kompakter Form. Er wurde entwickelt, um Audiophilen ein echtes H\u00f6rerlebnis zu bieten, ohne Kompromisse bei \u00c4sthetik oder Funktionalit\u00e4t einzugehen.<\/p>\n<p>Kernfunktionen:<\/p>\n<p>- Integrierter Verst\u00e4rker: Der IS-10 verf\u00fcgt \u00fcber einen leistungsstarken integrierten Verst\u00e4rker, der 90W @ 8\u03a9 in Stereo liefert. Er kann auch als Monoblock funktionieren, wenn er mit einer PA-10 EVO-Endstufe gekoppelt wird, wodurch die Ausgangsleistung auf 280 W @ 8\u03a9 erh\u00f6ht wird.<\/p>\n<p>- Hochaufl\u00f6sendes Streaming: Der IS-10 verf\u00fcgt \u00fcber einen integrierten D\/A-Wandler und unterst\u00fctzt hochaufl\u00f6sende Dateien bis zu PCM 32bit\/768kHz und DSD256. Au\u00dferdem ist er mit beliebten Streaming-Diensten wie Tidal, Qobuz, Spotify und Deezer kompatibel.<\/p>\n<p>- Kopfh\u00f6rerverst\u00e4rker: F\u00fcr diejenigen, die lieber privat h\u00f6ren, verf\u00fcgt der IS-10 \u00fcber einen audiophilen Kopfh\u00f6rerverst\u00e4rker mit 6,3-mm-Anschluss, der jeden Kopfh\u00f6rertyp versorgen kann.<\/p>\n<p>- Multiroom- und Netzwerk-Streamer: Der IS-10 ist voll kompatibel mit Multiroom-Systemen. Benutzer k\u00f6nnen Musik \u00fcber Roon, Airplay, Tidal, MQA, Qobuz, Spotify, vTuner und Deezer streamen. Er kann sich auch mit digitaler Musik verbinden, die lokal auf einem NAS oder USB-Stick gespeichert ist.<\/p>\n<p>- Flexibilit\u00e4t: Der IS-10 kann mit einer Fernbedienung, SKC oder \u00fcber die GN Control App gesteuert werden. Au\u00dferdem verf\u00fcgt er \u00fcber ein intuitives Bildschirmmen\u00fc f\u00fcr schnelle Einstellungen.<\/p>\n<p>Technische Daten:<\/p>\n<p>- D\/A-Wandler: AKM AK4493, der bis zu 32bit\/768kHz und DSD512 unterst\u00fctzt.<br \/>\n- Frequenzgang: 20Hz-20kHz +\/-0,1dB.<br \/>\n- THD (Total Harmonic Distortion): 0,001%.<br \/>\n- Signal-Rausch-Verh\u00e4ltnis: &gt;125dB.<br \/>\n- Dynamikbereich: 120 dB.<br \/>\n- Netzwerkkonnektivit\u00e4t: LAN &amp; Wi-Fi 802.11a\/b\/g\/n\/ac Dual Band und Bluetooth High-Definition 5.0.<br \/>\n- Eing\u00e4nge: Digital (TOS-Link, RCA koaxial, USB-A) und analog (RCA unsymmetrisch).<br \/>\n- Ausg\u00e4nge: Lautsprecheranschl\u00fcsse, Verst\u00e4rkerausgang und Kopfh\u00f6rerausgang.<\/p>\n<p>Schlussfolgerung:<br \/>\nDer Gold Notes IS-10 ist eine All-in-One-L\u00f6sung, die hochwertigen Klang mit moderner Technologie und einem eleganten Design verbindet. Er ist ideal f\u00fcr alle, die eine anspruchsvolle und leistungsstarke Audiol\u00f6sung f\u00fcr ihr Wohnzimmer suchen.<\/p>","protected":false},"excerpt":{"rendered":"<p><strong>Gold Notes IS-10 ist die neueste All-In-One-L\u00f6sung in ihrem kompakten Elektroniksortiment. <\/strong><\/p>\n<p>Dieses hochwertige Stereosystem ist mit einem leistungsstarken 90W @ 8\u03a9 Vollverst\u00e4rker, einem Kopfh\u00f6rerverst\u00e4rker mit 6,3mm Anschluss und einem D\/A-Wandler mit High Definition Streaming ausgestattet. Das IS-10 unterst\u00fctzt hochaufl\u00f6sende Dateien, um die bestm\u00f6gliche Klangqualit\u00e4t zu gew\u00e4hrleisten, und ist nicht nur ein technologisch fortschrittliches Ger\u00e4t, sondern auch eine schlanke und elegante L\u00f6sung, die perfekt ins Wohnzimmer passt. Mit der Unterst\u00fctzung von Streaming-Diensten wie Tidal, Qobuz und Spotify bietet er ein vielseitiges Musikerlebnis f\u00fcr alle audiophilen Menschen.<\/p>","protected":false},"featured_media":18743,"template":"","meta":[],"product_brand":[],"product_cat":[428,164,163,159,682],"product_tag":[],"class_list":{"0":"post-18739","1":"product","2":"type-product","3":"status-publish","4":"has-post-thumbnail","6":"product_cat-bluetooth","7":"product_cat-dac","8":"product_cat-horlursforstarkare","9":"product_cat-integrerade-forstarkare","10":"product_cat-streamers","11":"product_shipping_class-standard","13":"first","14":"instock","15":"taxable","16":"shipping-taxable","17":"purchasable","18":"product-type-variable"},"bundled_by":[],"bundle_stock_status":"instock","bundle_stock_quantity":null,"bundle_virtual":false,"bundle_layout":"","bundle_add_to_cart_form_location":"","bundle_editable_in_cart":false,"bundle_sold_individually_context":"","bundle_item_grouping":"","bundle_min_size":"","bundle_max_size":"","bundle_price":[],"bundled_items":[],"bundle_sell_ids":[],"_links":{"self":[{"href":"http:\/\/studiokoncept.se\/de\/wp-json\/wp\/v2\/product\/18739","targetHints":{"allow":["GET"]}}],"collection":[{"href":"http:\/\/studiokoncept.se\/de\/wp-json\/wp\/v2\/product"}],"about":[{"href":"http:\/\/studiokoncept.se\/de\/wp-json\/wp\/v2\/types\/product"}],"version-history":[{"count":0,"href":"http:\/\/studiokoncept.se\/de\/wp-json\/wp\/v2\/product\/18739\/revisions"}],"wp:featuredmedia":[{"embeddable":true,"href":"http:\/\/studiokoncept.se\/de\/wp-json\/wp\/v2\/media\/18743"}],"wp:attachment":[{"href":"http:\/\/studiokoncept.se\/de\/wp-json\/wp\/v2\/media?parent=18739"}],"wp:term":[{"taxonomy":"product_brand","embeddable":true,"href":"http:\/\/studiokoncept.se\/de\/wp-json\/wp\/v2\/product_brand?post=18739"},{"taxonomy":"product_cat","embeddable":true,"href":"http:\/\/studiokoncept.se\/de\/wp-json\/wp\/v2\/product_cat?post=18739"},{"taxonomy":"product_tag","embeddable":true,"href":"http:\/\/studiokoncept.se\/de\/wp-json\/wp\/v2\/product_tag?post=18739"}],"curies":[{"name":"wp","href":"https:\/\/api.w.org\/{rel}","templated":true}]}}