{"id":18685,"date":"2023-09-28T14:23:37","date_gmt":"2023-09-28T12:23:37","guid":{"rendered":"https:\/\/studiokoncept.se\/?post_type=product&#038;p=18685"},"modified":"2025-05-31T20:00:44","modified_gmt":"2025-05-31T18:00:44","slug":"ifi-audio-idsd-2","status":"publish","type":"product","link":"http:\/\/studiokoncept.se\/de\/shop\/elektronik\/bluetooth\/ifi-audio-idsd-2\/","title":{"rendered":"Ifi Audio iDSD 2"},"content":{"rendered":"<p><strong>Der Ifi Audio NEO iDSD2 ist der weltweit erste verlustfreie Bluetooth DAC\/Amp.<\/strong>mit Unterst\u00fctzung f\u00fcr die neue aptX Lossless-Kodierung und einem leistungsstarken Ausgang von 5551 mW, der viele Kopfh\u00f6rerverst\u00e4rker \u00fcbertrifft.<\/p>\n<p><strong>NEO iDSD 2 ist ein vielseitiger 3-in-1 DAC\/Amp.<\/strong> speziell f\u00fcr CAS-Enthusiasten entwickelt. Er l\u00e4sst sich problemlos als Head-Fi DAC\/Amp mit Ihren Kopfh\u00f6rern koppeln, kann als reiner DAC mit Ihrem integrierten Verst\u00e4rker verwendet werden oder als DAC\/Preamp f\u00fcr Ihre Aktivlautsprecher und Endstufen dienen. Der NEO iDSD 2 verf\u00fcgt \u00fcber die neueste Bluetooth 5.4-Technologie, die die neue aptX Lossless-Kodierung unterst\u00fctzt, die einzige Bluetooth-Kodierung, die Audio in CD-Qualit\u00e4t ohne Einbu\u00dfen bei der Klangqualit\u00e4t \u00fcbertragen kann. Der NEO iDSD 2 verf\u00fcgt \u00fcber verbesserte Kopfh\u00f6rer- und Line-Ausg\u00e4nge, die ausreichend Leistung f\u00fcr Ihre anspruchsvollen Kopfh\u00f6rer und Endverst\u00e4rker bereitstellen.<\/p>\n<p><strong>Die NEO iDSD 2-Uhr, die ebenfalls aufr\u00fcstbar ist, erfordert etwas mehr Aufmerksamkeit.<\/strong><br \/>\nDie interne GMT-Femto-Pr\u00e4zisionsuhr bildet zusammen mit einem intelligenten Speicher-Cache ein fortschrittliches System zur Jitter-Reduzierung. Es reduziert effektiv Jitter im digitalen Signal, was zu einem sauberen und pr\u00e4zisen Klang f\u00fchrt.<br \/>\nWenn Sie eine genauere externe Uhr haben oder wenn Sie mit anderen Ger\u00e4ten wie CD-Playern oder Netzwerk-Streams synchronisieren wollen, die einen externen Takteingang haben, k\u00f6nnen Sie sowohl NEO iDSD 2 als auch die anderen Ger\u00e4te an eine externe Uhr anschlie\u00dfen (z.B. <a href=\"https:\/\/studiokoncept.se\/de\/shop\/elektronik\/klockor\/silent-angel-genesis-gx\/\" rel=\"noopener\" target=\"_blank\">Stummer Engel Genesis GX)<\/a>) \u00fcber den 10MHz External Sync Clock-Eingang f\u00fcr eine noch h\u00f6here Genauigkeit des Taktsignals. Ein externer Sync-Clock-Eingang ist in dieser Preisklasse nur selten zu finden. Auch wenn Sie keinen externen Taktgeber haben, bietet der interne GMT-Femto-Pr\u00e4zisionstakt eine hervorragende Leistung in seiner Klasse.<\/p>","protected":false},"excerpt":{"rendered":"<p>&nbsp;<\/p>\n<p>NEO iDSD 2 bietet mehrere Verbesserungen gegen\u00fcber seinem Vorg\u00e4nger NEO iDSD, darunter die Unterst\u00fctzung der neuen verlustfreien Bluetooth-Kodierung aptX, verbesserte Kopfh\u00f6rer- und Line-Ausg\u00e4nge sowie die neueste Bluetooth 5.4-Technologie. Dar\u00fcber hinaus verf\u00fcgt der NEO iDSD 2 \u00fcber einen leistungsstarken 5551mW-Ausgang, der viele Kopfh\u00f6rerverst\u00e4rker \u00fcbertrifft, und ist als vielseitiger 3-in-1 DAC\/Amp konzipiert, w\u00e4hrend seinem Vorg\u00e4nger NEO iDSD einige dieser neuen Funktionen fehlen.<br \/>\nDer NEO iDSD 2 verf\u00fcgt \u00fcber eine hervorragende interne Clock. Aber Ifi Audio hat auch die M\u00f6glichkeit hinzugef\u00fcgt, ihn an einen externen 10MHz-Taktgeber anzuschlie\u00dfen!<\/p>\n<p>Neo iDSD 2 wird am besten \u00fcber die ifi Nexis App gesteuert, mehr dazu weiter unten in der Beschreibung. <\/p>","protected":false},"featured_media":18688,"template":"","meta":[],"product_brand":[],"product_cat":[428,164,163],"product_tag":[],"class_list":{"0":"post-18685","1":"product","2":"type-product","3":"status-publish","4":"has-post-thumbnail","6":"product_cat-bluetooth","7":"product_cat-dac","8":"product_cat-horlursforstarkare","9":"product_shipping_class-standard","11":"first","12":"instock","13":"taxable","14":"shipping-taxable","15":"purchasable","16":"product-type-simple"},"bundled_by":[],"bundle_stock_status":"instock","bundle_stock_quantity":null,"bundle_virtual":false,"bundle_layout":"","bundle_add_to_cart_form_location":"","bundle_editable_in_cart":false,"bundle_sold_individually_context":"","bundle_item_grouping":"","bundle_min_size":"","bundle_max_size":"","bundle_price":[],"bundled_items":[],"bundle_sell_ids":[],"_links":{"self":[{"href":"http:\/\/studiokoncept.se\/de\/wp-json\/wp\/v2\/product\/18685","targetHints":{"allow":["GET"]}}],"collection":[{"href":"http:\/\/studiokoncept.se\/de\/wp-json\/wp\/v2\/product"}],"about":[{"href":"http:\/\/studiokoncept.se\/de\/wp-json\/wp\/v2\/types\/product"}],"version-history":[{"count":0,"href":"http:\/\/studiokoncept.se\/de\/wp-json\/wp\/v2\/product\/18685\/revisions"}],"wp:featuredmedia":[{"embeddable":true,"href":"http:\/\/studiokoncept.se\/de\/wp-json\/wp\/v2\/media\/18688"}],"wp:attachment":[{"href":"http:\/\/studiokoncept.se\/de\/wp-json\/wp\/v2\/media?parent=18685"}],"wp:term":[{"taxonomy":"product_brand","embeddable":true,"href":"http:\/\/studiokoncept.se\/de\/wp-json\/wp\/v2\/product_brand?post=18685"},{"taxonomy":"product_cat","embeddable":true,"href":"http:\/\/studiokoncept.se\/de\/wp-json\/wp\/v2\/product_cat?post=18685"},{"taxonomy":"product_tag","embeddable":true,"href":"http:\/\/studiokoncept.se\/de\/wp-json\/wp\/v2\/product_tag?post=18685"}],"curies":[{"name":"wp","href":"https:\/\/api.w.org\/{rel}","templated":true}]}}