{"id":18667,"date":"2023-09-26T09:42:27","date_gmt":"2023-09-26T07:42:27","guid":{"rendered":"https:\/\/studiokoncept.se\/?post_type=product&#038;p=18667"},"modified":"2023-09-30T11:48:41","modified_gmt":"2023-09-30T09:48:41","slug":"rel-acoustics-t-5x","status":"publish","type":"product","link":"http:\/\/studiokoncept.se\/de\/shop\/hogtalare\/subwoofers\/rel-acoustics-t-5x\/","title":{"rendered":"REL-Akustik T\/5x"},"content":{"rendered":"<p>REL nennt dies ein 360-Grad-Upgrade.<\/p>\n<p>Bei REL ist die Verbindung zwischen Leistung und Design tief und oft unentdeckt. Hier treibt die Leistung Design-Revisionen. Wenn die Ingenieure einen Bedarf an einem gr\u00f6\u00dferen akustischen Volumen f\u00fcr mehr Fl\u00fcssigkeit und Leistung identifizieren, schafft der Designprozess die Illusion einer kleineren Grundfl\u00e4che, auch wenn das Geh\u00e4usevolumen tats\u00e4chlich zunimmt, durch die Verwendung von sanft abgerundeten Ecken. Das Endergebnis ist sowohl modern als auch famili\u00e4r, ohne unn\u00f6tige Schn\u00f6rkel.<\/p>\n<p>Innovative Basiseinheit<br \/>\nDer T\/5x ist mit einer einfachen 8\" (200 mm) Langhub-Basiseinheit ausgestattet, die er von seinem gro\u00dfen Bruder, dem T\/7x, \u00fcbernommen hat. Diese Membran, die aus einem Verbundwerkstoff aus Aluminium und leichtem Papier gefertigt ist, f\u00e4ngt Details ein, die beeindrucken, und liefert genug Energie, um f\u00fcr seine Gr\u00f6\u00dfe \u00fcberraschende Tiefen zu erreichen. Beim T\/5x wurde die Hubl\u00e4nge - also die F\u00e4higkeit, lauter zu spielen - erh\u00f6ht. Interne Upgrades haben die Leistung von einem Familienauto in einen echten Sportwagen verwandelt. Mehr Leistung, mehr Finesse.<\/p>\n<p>Leistung und Zuverl\u00e4ssigkeit<br \/>\nDer T\/5x macht da weiter, wo sein Vorg\u00e4nger aufgeh\u00f6rt hat, mit zuverl\u00e4ssigen und leistungsstarken 125W Class-A\/B-Verst\u00e4rkern. Mehrere kritische interne Komponenten wurden aufger\u00fcstet, um die Transparenz und Geschwindigkeit zu verbessern, ohne die anerkannte Zuverl\u00e4ssigkeit von REL zu beeintr\u00e4chtigen. Mit separaten Hoch- und Niederpegeleing\u00e4ngen erm\u00f6glicht er einen nahtlosen \u00dcbergang vom Lautsprecher zum Subwoofer. Au\u00dferdem bietet ein separater, dedizierter .1\/LFE-Eingang f\u00fcr das Heimkino einen automatischen \u00dcbergang zwischen Musik und Filmen, ohne dass Sie irgendwelche Einstellungen \u00e4ndern m\u00fcssen. Ist das Zauberei? Nein, es ist eher ein Ausdruck \u00fcberlegener Technik.<\/p>\n<p>F\u00fcr 220-Volt-Ger\u00e4te gibt es zus\u00e4tzlich einen Schalter f\u00fcr den Standby-Modus, der die Bedienung erleichtert und die Anpassung an verschiedene M\u00e4rkte erm\u00f6glicht.<br \/>\n!<\/p>","protected":false},"excerpt":{"rendered":"<p>Rel Acoustics hat hier das Modell T\/5 zum T\/5X aufgewertet. Es ist etwas gr\u00f6\u00dfer als sein Vorg\u00e4nger und hat eine verbesserte Aufh\u00e4ngung.<\/p>\n<p>Es handelt sich um einen Subwoofer mit einem nach unten gerichteten 8\u2033-Element in geschlossener Kastenbauweise, der von einem 125-W-Verst\u00e4rker der Klasse A\/B angetrieben wird. Er bietet eine einstellbare Frequenzweiche bis zu 30 Hz und einen 12-dB-Filter f\u00fcr eine optimale Klanganpassung.<\/p>\n<p>Er verf\u00fcgt \u00fcber einen Hoch- und einen Niedrigpegeleingang mit separaten Lautst\u00e4rken und umfasst ein 10 m langes Hochpegelkabel.<\/p>\n<p>Ausf\u00fchrung in Schwarz und Wei\u00df.<\/p>\n<p>&nbsp;<\/p>","protected":false},"featured_media":18669,"template":"","meta":[],"product_brand":[],"product_cat":[321],"product_tag":[],"class_list":{"0":"post-18667","1":"product","2":"type-product","3":"status-publish","4":"has-post-thumbnail","6":"product_cat-subwoofers","8":"first","9":"instock","10":"taxable","11":"shipping-taxable","12":"purchasable","13":"product-type-variable"},"bundled_by":[],"bundle_stock_status":"instock","bundle_stock_quantity":null,"bundle_virtual":false,"bundle_layout":"","bundle_add_to_cart_form_location":"","bundle_editable_in_cart":false,"bundle_sold_individually_context":"","bundle_item_grouping":"","bundle_min_size":"","bundle_max_size":"","bundle_price":[],"bundled_items":[],"bundle_sell_ids":[],"_links":{"self":[{"href":"http:\/\/studiokoncept.se\/de\/wp-json\/wp\/v2\/product\/18667","targetHints":{"allow":["GET"]}}],"collection":[{"href":"http:\/\/studiokoncept.se\/de\/wp-json\/wp\/v2\/product"}],"about":[{"href":"http:\/\/studiokoncept.se\/de\/wp-json\/wp\/v2\/types\/product"}],"version-history":[{"count":0,"href":"http:\/\/studiokoncept.se\/de\/wp-json\/wp\/v2\/product\/18667\/revisions"}],"wp:featuredmedia":[{"embeddable":true,"href":"http:\/\/studiokoncept.se\/de\/wp-json\/wp\/v2\/media\/18669"}],"wp:attachment":[{"href":"http:\/\/studiokoncept.se\/de\/wp-json\/wp\/v2\/media?parent=18667"}],"wp:term":[{"taxonomy":"product_brand","embeddable":true,"href":"http:\/\/studiokoncept.se\/de\/wp-json\/wp\/v2\/product_brand?post=18667"},{"taxonomy":"product_cat","embeddable":true,"href":"http:\/\/studiokoncept.se\/de\/wp-json\/wp\/v2\/product_cat?post=18667"},{"taxonomy":"product_tag","embeddable":true,"href":"http:\/\/studiokoncept.se\/de\/wp-json\/wp\/v2\/product_tag?post=18667"}],"curies":[{"name":"wp","href":"https:\/\/api.w.org\/{rel}","templated":true}]}}