{"id":15542,"date":"2023-03-07T19:52:23","date_gmt":"2023-03-07T18:52:23","guid":{"rendered":"https:\/\/studiokoncept.se\/?post_type=product&#038;p=15542"},"modified":"2025-10-08T16:27:13","modified_gmt":"2025-10-08T14:27:13","slug":"final-touch-audio-themisto-bnc-digitalkabel","status":"publish","type":"product","link":"http:\/\/studiokoncept.se\/de\/shop\/kablar\/digitala-kablar\/bnc-digitalkablar\/final-touch-audio-themisto-bnc-digitalkabel\/","title":{"rendered":"Final Touch Audio Themisto BNC-Digitalkabel"},"content":{"rendered":"<h3><\/h3>","protected":false},"excerpt":{"rendered":"<h3>BNC-Digitalkabel von Final Touch Audio<\/h3>\n<p>Final Touch Audio stellt seine Digitalkabel in einer Serie her, die sie Themisto nennen. Hier mit BNC-Steckern.<\/p>\n<p>Es hat eine seltsame F\u00e4higkeit, digitale Aufnahmen auf eine Weise zum Leben zu erwecken, die mich an die Qualit\u00e4t eines Tonbandger\u00e4ts erinnert.<\/p>\n<p>Das Kabel ben\u00f6tigt mindestens 100 Stunden Aufnahmezeit. W\u00e4hrend dieser 100 Stunden wird es gelegentlich schlechter werden, bevor es fertig ist. Haben Sie also Geduld.<\/p>","protected":false},"featured_media":21262,"template":"","meta":[],"product_brand":[],"product_cat":[633],"product_tag":[847],"class_list":{"0":"post-15542","1":"product","2":"type-product","3":"status-publish","4":"has-post-thumbnail","6":"product_cat-bnc-digitalkablar","7":"product_tag-final-touch-audio-themisto-bnc","8":"product_shipping_class-standard","10":"first","11":"instock","12":"taxable","13":"shipping-taxable","14":"purchasable","15":"product-type-variable","16":"has-default-attributes"},"bundled_by":[],"bundle_stock_status":"instock","bundle_stock_quantity":null,"bundle_virtual":false,"bundle_layout":"","bundle_add_to_cart_form_location":"","bundle_editable_in_cart":false,"bundle_sold_individually_context":"","bundle_item_grouping":"","bundle_min_size":"","bundle_max_size":"","bundle_price":[],"bundled_items":[],"bundle_sell_ids":[],"_links":{"self":[{"href":"http:\/\/studiokoncept.se\/de\/wp-json\/wp\/v2\/product\/15542","targetHints":{"allow":["GET"]}}],"collection":[{"href":"http:\/\/studiokoncept.se\/de\/wp-json\/wp\/v2\/product"}],"about":[{"href":"http:\/\/studiokoncept.se\/de\/wp-json\/wp\/v2\/types\/product"}],"version-history":[{"count":0,"href":"http:\/\/studiokoncept.se\/de\/wp-json\/wp\/v2\/product\/15542\/revisions"}],"wp:featuredmedia":[{"embeddable":true,"href":"http:\/\/studiokoncept.se\/de\/wp-json\/wp\/v2\/media\/21262"}],"wp:attachment":[{"href":"http:\/\/studiokoncept.se\/de\/wp-json\/wp\/v2\/media?parent=15542"}],"wp:term":[{"taxonomy":"product_brand","embeddable":true,"href":"http:\/\/studiokoncept.se\/de\/wp-json\/wp\/v2\/product_brand?post=15542"},{"taxonomy":"product_cat","embeddable":true,"href":"http:\/\/studiokoncept.se\/de\/wp-json\/wp\/v2\/product_cat?post=15542"},{"taxonomy":"product_tag","embeddable":true,"href":"http:\/\/studiokoncept.se\/de\/wp-json\/wp\/v2\/product_tag?post=15542"}],"curies":[{"name":"wp","href":"https:\/\/api.w.org\/{rel}","templated":true}]}}