{"id":14621,"date":"2023-02-11T16:39:55","date_gmt":"2023-02-11T15:39:55","guid":{"rendered":"https:\/\/studiokoncept.se\/?post_type=product&#038;p=14621"},"modified":"2024-01-28T12:16:29","modified_gmt":"2024-01-28T11:16:29","slug":"entreq-argo-lan-kabel","status":"publish","type":"product","link":"http:\/\/studiokoncept.se\/de\/shop\/kablar\/digitala-kablar\/natverkskablar\/entreq-argo-lan-kabel\/","title":{"rendered":"Entreq Argo LAN-Kabel"},"content":{"rendered":"","protected":false},"excerpt":{"rendered":"<h4>LAN-Kabel mit RJ45-Kontakten aus der Argo-Serie von Entreq.<\/h4>\n<p>Ein LAN-Kabel der neuen Argo-Geflechtserie mit 3 Leitern.<\/p>\n<p>Ein w\u00fcrdiger Ersatz f\u00fcr die Konstantin-Serie.<\/p>\n<p>Das Kabel besteht aus 2 Teilen:<\/p>\n<ol>\n<li>Das digitale Kabel mit RJ45-Steckern an jedem Ende. W\u00e4hlen Sie die L\u00e4nge unten.<\/li>\n<li>Das Entw\u00e4sserungskabel, das ein Eartha-Kabel ist. Das Ende ragt als paralleles Kabel heraus und ist standardm\u00e4\u00dfig 55 cm lang mit einem Haken am Ende f\u00fcr den Anschluss an einen Erdungskasten. W\u00e4hlen Sie die L\u00e4nge, die Sie f\u00fcr den Anschluss an Ihren Erdungskasten ben\u00f6tigen.<\/li>\n<\/ol>\n<p>Bitte setzen Sie sich mit uns in Verbindung, wenn Sie Fragen oder Unklarheiten haben.<\/p>","protected":false},"featured_media":10832,"template":"","meta":[],"product_brand":[],"product_cat":[494],"product_tag":[692,700],"class_list":{"0":"post-14621","1":"product","2":"type-product","3":"status-publish","4":"has-post-thumbnail","6":"product_cat-natverkskablar","7":"product_tag-entreq","8":"product_tag-entreq-lan-kablar","9":"product_shipping_class-standard","11":"first","12":"instock","13":"taxable","14":"shipping-taxable","15":"purchasable","16":"product-type-variable","17":"has-default-attributes"},"bundled_by":[],"bundle_stock_status":"instock","bundle_stock_quantity":null,"bundle_virtual":false,"bundle_layout":"","bundle_add_to_cart_form_location":"","bundle_editable_in_cart":false,"bundle_sold_individually_context":"","bundle_item_grouping":"","bundle_min_size":"","bundle_max_size":"","bundle_price":[],"bundled_items":[],"bundle_sell_ids":[],"_links":{"self":[{"href":"http:\/\/studiokoncept.se\/de\/wp-json\/wp\/v2\/product\/14621","targetHints":{"allow":["GET"]}}],"collection":[{"href":"http:\/\/studiokoncept.se\/de\/wp-json\/wp\/v2\/product"}],"about":[{"href":"http:\/\/studiokoncept.se\/de\/wp-json\/wp\/v2\/types\/product"}],"version-history":[{"count":0,"href":"http:\/\/studiokoncept.se\/de\/wp-json\/wp\/v2\/product\/14621\/revisions"}],"wp:featuredmedia":[{"embeddable":true,"href":"http:\/\/studiokoncept.se\/de\/wp-json\/wp\/v2\/media\/10832"}],"wp:attachment":[{"href":"http:\/\/studiokoncept.se\/de\/wp-json\/wp\/v2\/media?parent=14621"}],"wp:term":[{"taxonomy":"product_brand","embeddable":true,"href":"http:\/\/studiokoncept.se\/de\/wp-json\/wp\/v2\/product_brand?post=14621"},{"taxonomy":"product_cat","embeddable":true,"href":"http:\/\/studiokoncept.se\/de\/wp-json\/wp\/v2\/product_cat?post=14621"},{"taxonomy":"product_tag","embeddable":true,"href":"http:\/\/studiokoncept.se\/de\/wp-json\/wp\/v2\/product_tag?post=14621"}],"curies":[{"name":"wp","href":"https:\/\/api.w.org\/{rel}","templated":true}]}}