{"id":14545,"date":"2023-02-11T14:51:08","date_gmt":"2023-02-11T13:51:08","guid":{"rendered":"https:\/\/studiokoncept.se\/?post_type=product&#038;p=14545"},"modified":"2024-01-28T12:33:11","modified_gmt":"2024-01-28T11:33:11","slug":"entreq-argo-digitalkabel-rca-2","status":"publish","type":"product","link":"http:\/\/studiokoncept.se\/de\/shop\/kablar\/digitala-kablar\/rca-digitalkablar\/entreq-argo-digitalkabel-rca-2\/","title":{"rendered":"Entreq Argo Digitalkabel RCA"},"content":{"rendered":"","protected":false},"excerpt":{"rendered":"<h4>Digitales Kabel mit RCA-Steckern aus der Entreqs Argo-Serie.<\/h4>\n<p>Ein Digitalkabel der neuen geflochtenen Argo-Serie mit 3 Leitern.<\/p>\n<p>Ein w\u00fcrdiger Ersatz f\u00fcr die Konstantin-Serie.<\/p>\n<p>Das Kabel besteht aus 2 Teilen:<\/p>\n<ol>\n<li>Das digitale Kabel mit den beiden RCA-Steckern an jedem Ende. W\u00e4hlen Sie unten die L\u00e4nge aus.<\/li>\n<li>Das Entw\u00e4sserungskabel, ein Eartha-Kabel, zeichnet sich als Parallelkabel aus und ist standardm\u00e4\u00dfig 55 cm lang mit einem Haken am Ende f\u00fcr den Anschluss an eine Erdungsdose. Andere L\u00e4ngen k\u00f6nnen unten ausgew\u00e4hlt werden.<\/li>\n<\/ol>\n<p>&nbsp;<\/p>\n<p>Bitte setzen Sie sich mit uns in Verbindung, wenn Sie Fragen oder Unklarheiten haben.<\/p>","protected":false},"featured_media":10920,"template":"","meta":[],"product_brand":[],"product_cat":[637],"product_tag":[692,696],"class_list":{"0":"post-14545","1":"product","2":"type-product","3":"status-publish","4":"has-post-thumbnail","6":"product_cat-rca-digitalkablar","7":"product_tag-entreq","8":"product_tag-entreq-digitala-rca-kablar","9":"product_shipping_class-standard","11":"first","12":"instock","13":"taxable","14":"shipping-taxable","15":"purchasable","16":"product-type-variable","17":"has-default-attributes"},"bundled_by":[],"bundle_stock_status":"instock","bundle_stock_quantity":null,"bundle_virtual":false,"bundle_layout":"","bundle_add_to_cart_form_location":"","bundle_editable_in_cart":false,"bundle_sold_individually_context":"","bundle_item_grouping":"","bundle_min_size":"","bundle_max_size":"","bundle_price":[],"bundled_items":[],"bundle_sell_ids":[],"_links":{"self":[{"href":"http:\/\/studiokoncept.se\/de\/wp-json\/wp\/v2\/product\/14545","targetHints":{"allow":["GET"]}}],"collection":[{"href":"http:\/\/studiokoncept.se\/de\/wp-json\/wp\/v2\/product"}],"about":[{"href":"http:\/\/studiokoncept.se\/de\/wp-json\/wp\/v2\/types\/product"}],"version-history":[{"count":0,"href":"http:\/\/studiokoncept.se\/de\/wp-json\/wp\/v2\/product\/14545\/revisions"}],"wp:featuredmedia":[{"embeddable":true,"href":"http:\/\/studiokoncept.se\/de\/wp-json\/wp\/v2\/media\/10920"}],"wp:attachment":[{"href":"http:\/\/studiokoncept.se\/de\/wp-json\/wp\/v2\/media?parent=14545"}],"wp:term":[{"taxonomy":"product_brand","embeddable":true,"href":"http:\/\/studiokoncept.se\/de\/wp-json\/wp\/v2\/product_brand?post=14545"},{"taxonomy":"product_cat","embeddable":true,"href":"http:\/\/studiokoncept.se\/de\/wp-json\/wp\/v2\/product_cat?post=14545"},{"taxonomy":"product_tag","embeddable":true,"href":"http:\/\/studiokoncept.se\/de\/wp-json\/wp\/v2\/product_tag?post=14545"}],"curies":[{"name":"wp","href":"https:\/\/api.w.org\/{rel}","templated":true}]}}