{"id":10979,"date":"2022-02-02T04:33:14","date_gmt":"2022-02-02T03:33:14","guid":{"rendered":"https:\/\/studiokoncept.se\/?post_type=product&#038;p=10979"},"modified":"2024-07-09T12:25:03","modified_gmt":"2024-07-09T10:25:03","slug":"entreq-twin-pack","status":"publish","type":"product","link":"http:\/\/studiokoncept.se\/de\/shop\/jordning\/entreq-jordlador\/entreq-kit\/entreq-twin-pack\/","title":{"rendered":"Entreq Makro-Kit Doppelpack"},"content":{"rendered":"<p><h3><\/h3><\/p>","protected":false},"excerpt":{"rendered":"<p>Ein Erdungsreinigungsset von Entreq, das insbesondere f\u00fcr die Erdung der negativen Pole der Lautsprecherausg\u00e4nge des Verst\u00e4rkers gedacht ist.<\/p>\n<p>Besteht aus 2 Makro-Kits und bietet die gleiche Leistung wie ein Minimus.<\/p>\n<p>Sie haben Kupferschrauben, 1 St\u00fcck 1,65m Eartha Kabel mit dem neuen Klicksystem und Spaten.<\/p>\n<p>&nbsp;<\/p>","protected":false},"featured_media":10978,"template":"","meta":[],"product_brand":[],"product_cat":[646],"product_tag":[692,715],"class_list":{"0":"post-10979","1":"product","2":"type-product","3":"status-publish","4":"has-post-thumbnail","6":"product_cat-entreq-kit","7":"product_tag-entreq","8":"product_tag-entreq-jordbox-kit","9":"product_shipping_class-standard","11":"first","12":"instock","13":"taxable","14":"shipping-taxable","15":"purchasable","16":"product-type-simple"},"bundled_by":[],"bundle_stock_status":"instock","bundle_stock_quantity":null,"bundle_virtual":false,"bundle_layout":"","bundle_add_to_cart_form_location":"","bundle_editable_in_cart":false,"bundle_sold_individually_context":"","bundle_item_grouping":"","bundle_min_size":"","bundle_max_size":"","bundle_price":[],"bundled_items":[],"bundle_sell_ids":[],"_links":{"self":[{"href":"http:\/\/studiokoncept.se\/de\/wp-json\/wp\/v2\/product\/10979","targetHints":{"allow":["GET"]}}],"collection":[{"href":"http:\/\/studiokoncept.se\/de\/wp-json\/wp\/v2\/product"}],"about":[{"href":"http:\/\/studiokoncept.se\/de\/wp-json\/wp\/v2\/types\/product"}],"version-history":[{"count":0,"href":"http:\/\/studiokoncept.se\/de\/wp-json\/wp\/v2\/product\/10979\/revisions"}],"wp:featuredmedia":[{"embeddable":true,"href":"http:\/\/studiokoncept.se\/de\/wp-json\/wp\/v2\/media\/10978"}],"wp:attachment":[{"href":"http:\/\/studiokoncept.se\/de\/wp-json\/wp\/v2\/media?parent=10979"}],"wp:term":[{"taxonomy":"product_brand","embeddable":true,"href":"http:\/\/studiokoncept.se\/de\/wp-json\/wp\/v2\/product_brand?post=10979"},{"taxonomy":"product_cat","embeddable":true,"href":"http:\/\/studiokoncept.se\/de\/wp-json\/wp\/v2\/product_cat?post=10979"},{"taxonomy":"product_tag","embeddable":true,"href":"http:\/\/studiokoncept.se\/de\/wp-json\/wp\/v2\/product_tag?post=10979"}],"curies":[{"name":"wp","href":"https:\/\/api.w.org\/{rel}","templated":true}]}}