{"id":10929,"date":"2022-01-26T21:24:54","date_gmt":"2022-01-26T20:24:54","guid":{"rendered":"https:\/\/studiokoncept.se\/?post_type=product&#038;p=10929"},"modified":"2024-01-28T19:41:32","modified_gmt":"2024-01-28T18:41:32","slug":"entreq-argo-dc-kontakt-5-24v","status":"publish","type":"product","link":"http:\/\/studiokoncept.se\/de\/shop\/kablar\/natkablar\/dc-5-24v-kablar\/entreq-argo-dc-kontakt-5-24v\/","title":{"rendered":"Entreq Argo DC-Anschluss 5- 24V"},"content":{"rendered":"<h3><\/h3>","protected":false},"excerpt":{"rendered":"<h4>Ein einfaches, gutes Gleichstromkabel f\u00fcr diejenigen, die das mitgelieferte Gleichstromkabel des Produkts nicht mehr ben\u00f6tigen<\/h4>\n<p>F\u00fcr Spannungen zwischen 5 - 24V.<\/p>\n<p>Geflochtene Konstruktion mit 3 Leitern.<br \/>\n0,55 m Abflussleitung mit Haken und dem neuen Klicksystem als Standard.<br \/>\nBitte kontaktieren Sie uns:<\/p>\n<ol>\n<li>Wenn Sie einen festen Anschluss anstelle eines Klickanschlusses w\u00fcnschen (3,5-mm-System)<\/li>\n<li>f\u00fcr eine andere Wahl des Erdungskontakts.<\/li>\n<li>f\u00fcr andere L\u00e4ngen von Entw\u00e4sserungskabeln<\/li>\n<\/ol>\n<p><strong>Ich werde mich nach dem Kauf mit Ihnen in Verbindung setzen, um festzustellen, welchen Gleichstromstecker Sie ben\u00f6tigen. <\/strong><\/p>","protected":false},"featured_media":0,"template":"","meta":[],"product_brand":[],"product_cat":[632],"product_tag":[692,709],"class_list":{"0":"post-10929","1":"product","2":"type-product","3":"status-publish","5":"product_cat-dc-5-24v-kablar","6":"product_tag-entreq","7":"product_tag-entreq-dc-stromkablar","8":"product_shipping_class-standard","10":"first","11":"instock","12":"taxable","13":"shipping-taxable","14":"purchasable","15":"product-type-variable"},"bundled_by":[],"bundle_stock_status":"instock","bundle_stock_quantity":null,"bundle_virtual":false,"bundle_layout":"","bundle_add_to_cart_form_location":"","bundle_editable_in_cart":false,"bundle_sold_individually_context":"","bundle_item_grouping":"","bundle_min_size":"","bundle_max_size":"","bundle_price":[],"bundled_items":[],"bundle_sell_ids":[],"_links":{"self":[{"href":"http:\/\/studiokoncept.se\/de\/wp-json\/wp\/v2\/product\/10929","targetHints":{"allow":["GET"]}}],"collection":[{"href":"http:\/\/studiokoncept.se\/de\/wp-json\/wp\/v2\/product"}],"about":[{"href":"http:\/\/studiokoncept.se\/de\/wp-json\/wp\/v2\/types\/product"}],"version-history":[{"count":0,"href":"http:\/\/studiokoncept.se\/de\/wp-json\/wp\/v2\/product\/10929\/revisions"}],"wp:attachment":[{"href":"http:\/\/studiokoncept.se\/de\/wp-json\/wp\/v2\/media?parent=10929"}],"wp:term":[{"taxonomy":"product_brand","embeddable":true,"href":"http:\/\/studiokoncept.se\/de\/wp-json\/wp\/v2\/product_brand?post=10929"},{"taxonomy":"product_cat","embeddable":true,"href":"http:\/\/studiokoncept.se\/de\/wp-json\/wp\/v2\/product_cat?post=10929"},{"taxonomy":"product_tag","embeddable":true,"href":"http:\/\/studiokoncept.se\/de\/wp-json\/wp\/v2\/product_tag?post=10929"}],"curies":[{"name":"wp","href":"https:\/\/api.w.org\/{rel}","templated":true}]}}