{"id":10928,"date":"2022-01-26T21:16:48","date_gmt":"2022-01-26T20:16:48","guid":{"rendered":"https:\/\/studiokoncept.se\/?post_type=product&#038;p=10928"},"modified":"2024-01-28T19:39:44","modified_gmt":"2024-01-28T18:39:44","slug":"entreq-argo-35mm-kontakt","status":"publish","type":"product","link":"http:\/\/studiokoncept.se\/de\/shop\/kablar\/analoga-kablar\/35-mm-kablar\/entreq-argo-35mm-kontakt\/","title":{"rendered":"Entreq Argo 3,5mm Stecker"},"content":{"rendered":"","protected":false},"excerpt":{"rendered":"<p>Ein Kabel mit 3,5-mm-Stecker aus der Argo-Serie.<br \/>\n3 F\u00fchrer.<\/p>\n<p>Verf\u00fcgt \u00fcber ein Drainagekabel 0,55 m mit Haken. Wenn Sie einen 3,5mm-Stecker w\u00fcnschen, um ein l\u00e4ngeres Eartha-Kabel anschlie\u00dfen zu k\u00f6nnen, wenden Sie sich bitte an<\/p>\n<p>L\u00e4nge 1,1 Meter.<\/p>\n<p>Kontaktieren Sie uns f\u00fcr andere L\u00e4ngen.<\/p>","protected":false},"featured_media":10927,"template":"","meta":[],"product_brand":[],"product_cat":[636],"product_tag":[],"class_list":{"0":"post-10928","1":"product","2":"type-product","3":"status-publish","4":"has-post-thumbnail","6":"product_cat-35-mm-kablar","7":"product_shipping_class-standard","9":"first","10":"instock","11":"taxable","12":"shipping-taxable","13":"purchasable","14":"product-type-simple"},"bundled_by":[],"bundle_stock_status":"instock","bundle_stock_quantity":null,"bundle_virtual":false,"bundle_layout":"","bundle_add_to_cart_form_location":"","bundle_editable_in_cart":false,"bundle_sold_individually_context":"","bundle_item_grouping":"","bundle_min_size":"","bundle_max_size":"","bundle_price":[],"bundled_items":[],"bundle_sell_ids":[],"_links":{"self":[{"href":"http:\/\/studiokoncept.se\/de\/wp-json\/wp\/v2\/product\/10928","targetHints":{"allow":["GET"]}}],"collection":[{"href":"http:\/\/studiokoncept.se\/de\/wp-json\/wp\/v2\/product"}],"about":[{"href":"http:\/\/studiokoncept.se\/de\/wp-json\/wp\/v2\/types\/product"}],"version-history":[{"count":0,"href":"http:\/\/studiokoncept.se\/de\/wp-json\/wp\/v2\/product\/10928\/revisions"}],"wp:featuredmedia":[{"embeddable":true,"href":"http:\/\/studiokoncept.se\/de\/wp-json\/wp\/v2\/media\/10927"}],"wp:attachment":[{"href":"http:\/\/studiokoncept.se\/de\/wp-json\/wp\/v2\/media?parent=10928"}],"wp:term":[{"taxonomy":"product_brand","embeddable":true,"href":"http:\/\/studiokoncept.se\/de\/wp-json\/wp\/v2\/product_brand?post=10928"},{"taxonomy":"product_cat","embeddable":true,"href":"http:\/\/studiokoncept.se\/de\/wp-json\/wp\/v2\/product_cat?post=10928"},{"taxonomy":"product_tag","embeddable":true,"href":"http:\/\/studiokoncept.se\/de\/wp-json\/wp\/v2\/product_tag?post=10928"}],"curies":[{"name":"wp","href":"https:\/\/api.w.org\/{rel}","templated":true}]}}