{"id":10283,"date":"2021-05-30T13:41:22","date_gmt":"2021-05-30T11:41:22","guid":{"rendered":"https:\/\/studiokoncept.se\/?post_type=product&#038;p=10283"},"modified":"2026-02-28T08:51:52","modified_gmt":"2026-02-28T07:51:52","slug":"fta-final-touch-audio-thebe-signalkabel-xlr","status":"publish","type":"product","link":"http:\/\/studiokoncept.se\/de\/shop\/kablar\/analoga-kablar\/xlr-balanserade-signalkablar\/fta-final-touch-audio-thebe-signalkabel-xlr\/","title":{"rendered":"Final Touch Audio Thebe Signalkabel XLR"},"content":{"rendered":"<p>Final Touch Audio Thebe XLR ist ein Verbindungskabel, das in der Produktlinie des Unternehmens unter Ganymede zu finden ist. Es ist das Ergebnis mehrerer Jahre sorgf\u00e4ltiger Arbeit, um das richtige Gleichgewicht von Materialien und Geometrie zu finden. Das Ziel dieses handgefertigten Kabels war es, eine Audiosignatur zu schaffen, die diskret und doch verf\u00fchrerisch ist. Thebe ist in der Lage, alle Bits und St\u00fccke der musikalischen Informationen in perfekter Reihenfolge zu \u00fcbertragen und bietet die M\u00f6glichkeit, die Musik und die Emotionen zu h\u00f6ren, die der Autor beabsichtigt hat.<\/p>\n<p>Final Touch Audio Cables ist die Kreation von Zoran Zubcic, der es vorzieht, seine Kabel f\u00fcr sich selbst sprechen zu lassen. Er stellt alle Kabel selbst her, und seine Vision f\u00fcr sein kleines Unternehmen ist es, \"jede Note aus Ihrem System herauszuholen\".<\/p>\n<p>\"In Bezug auf die Leistung zeigt ein Test, dass das Kabel Qualit\u00e4ten vereint, die normalerweise nicht zusammenkommen: Es ist neutral und sehr transparent, aber saftig und muskul\u00f6s, und sehr greifbar und lebendig. Die Klangsignatur, die man diesem Kabel zuschreiben kann, ist tief, solide, kraftvoll, mit einem texturierten, pr\u00e4zisen unteren Spektrum und einer riesigen Klangb\u00fchne, die sich in alle Richtungen ausdehnt. Der Mitteltonbereich ist dr\u00f6hnend und fokussiert, gleichzeitig aber auch sehr greifbar. Hohe Frequenzen klingen nat\u00fcrlich, sie sind weitreichend und gut reproduziert. Das gesamte Klangbild ist sehr koh\u00e4rent, ausgewogen und hat einen nat\u00fcrlichen Ton. Das Kabel scheint seine optimale Leistung nach mehr als 100 Stunden Gebrauch zu erreichen.\"<\/p>","protected":false},"excerpt":{"rendered":"<p>Final Touch Audio Thebe symmetrisches Signalkabel, XLR.<\/p>\n<p>Ein wundersch\u00f6n musikalisches und konfektioniertes XLR-Kabel von Final Touch Audio.\u00a0<\/p>\n<p>Silberne Steckverbinder von Wireforld.<\/p>\n<p><strong>Preis pro Paar.\u00a0<\/strong><\/p>","protected":false},"featured_media":15528,"template":"","meta":[],"product_brand":[],"product_cat":[686,169,630],"product_tag":[853],"class_list":{"0":"post-10283","1":"product","2":"type-product","3":"status-publish","4":"has-post-thumbnail","6":"product_cat-analoga-kablar","7":"product_cat-kablar","8":"product_cat-xlr-balanserade-signalkablar","9":"product_tag-final-touch-audio-thebe-xlr","10":"product_shipping_class-standard","12":"first","13":"instock","14":"taxable","15":"shipping-taxable","16":"purchasable","17":"product-type-variable","18":"has-default-attributes"},"bundled_by":[],"bundle_stock_status":"instock","bundle_stock_quantity":null,"bundle_virtual":false,"bundle_layout":"","bundle_add_to_cart_form_location":"","bundle_editable_in_cart":false,"bundle_sold_individually_context":"","bundle_item_grouping":"","bundle_min_size":"","bundle_max_size":"","bundle_price":[],"bundled_items":[],"bundle_sell_ids":[],"_links":{"self":[{"href":"http:\/\/studiokoncept.se\/de\/wp-json\/wp\/v2\/product\/10283","targetHints":{"allow":["GET"]}}],"collection":[{"href":"http:\/\/studiokoncept.se\/de\/wp-json\/wp\/v2\/product"}],"about":[{"href":"http:\/\/studiokoncept.se\/de\/wp-json\/wp\/v2\/types\/product"}],"version-history":[{"count":0,"href":"http:\/\/studiokoncept.se\/de\/wp-json\/wp\/v2\/product\/10283\/revisions"}],"wp:featuredmedia":[{"embeddable":true,"href":"http:\/\/studiokoncept.se\/de\/wp-json\/wp\/v2\/media\/15528"}],"wp:attachment":[{"href":"http:\/\/studiokoncept.se\/de\/wp-json\/wp\/v2\/media?parent=10283"}],"wp:term":[{"taxonomy":"product_brand","embeddable":true,"href":"http:\/\/studiokoncept.se\/de\/wp-json\/wp\/v2\/product_brand?post=10283"},{"taxonomy":"product_cat","embeddable":true,"href":"http:\/\/studiokoncept.se\/de\/wp-json\/wp\/v2\/product_cat?post=10283"},{"taxonomy":"product_tag","embeddable":true,"href":"http:\/\/studiokoncept.se\/de\/wp-json\/wp\/v2\/product_tag?post=10283"}],"curies":[{"name":"wp","href":"https:\/\/api.w.org\/{rel}","templated":true}]}}