{"id":10263,"date":"2021-05-29T17:21:29","date_gmt":"2021-05-29T15:21:29","guid":{"rendered":"https:\/\/studiokoncept.se\/?post_type=product&#038;p=10263"},"modified":"2026-02-28T09:10:40","modified_gmt":"2026-02-28T08:10:40","slug":"fta-final-touch-audio-metis-lan-kabel","status":"publish","type":"product","link":"http:\/\/studiokoncept.se\/de\/shop\/kablar\/digitala-kablar\/natverkskablar\/fta-final-touch-audio-metis-lan-kabel\/","title":{"rendered":"Final Touch Audio Metis LAN-Kabel"},"content":{"rendered":"<p>Final Touch Audio Metis ist ein hochwertiges Ethernet-Kabel, das entwickelt wurde, um das Klangerlebnis beim H\u00f6ren von Musik \u00fcber digitale Audiosysteme zu verbessern. Dieses Kabel ist besonders in der High-End-Audio-Community beliebt.<\/p>\n<p>Es bietet eine verbesserte Klangb\u00fchne im Vergleich zum Standard-CAT6-Kabel. Die Klangb\u00fchne wird freier und w\u00e4chst in allen Dimensionen, ohne an Pr\u00e4zision oder Kontrolle zu verlieren. Das Einschwingverhalten ist beeindruckend, und das Metis-Kabel vermittelt auf brillante Weise die emotionale Absicht der Musik. Die Klangb\u00fchne erh\u00e4lt mehr Tiefe und mehr Ebenen, was zu einem nat\u00fcrlichen und neutralen Klangerlebnis f\u00fchrt.<\/p>\n<p>Bei der Entwicklung des Metis-Kabels wurden die besten auf dem Markt erh\u00e4ltlichen Leiter und Steckverbinder verwendet, und es wurde gro\u00dfer Wert auf ein ausgewogenes Verh\u00e4ltnis zwischen den Leiterdurchmessern und dem dielektrischen Material gelegt. Die einzigartige Geometrie des Kabels tr\u00e4gt zur Minimierung von Interferenzen und Signalreflexionen bei.<\/p>","protected":false},"excerpt":{"rendered":"<p><h3>Das Metis LAN-Kabel von Final Touch Audio f\u00fcr alle, die streamen wollen.<\/h3><br \/>\nGeben Sie Ihrem Streaming die bestm\u00f6glichen Bedingungen mit dem Ethernet-Kabel (RJ45-Stecker) von Final Touch Audio.<br \/>\nLesen Sie weiter unten. <\/p>\n<p><strong>Preis pro St\u00fcck. <\/strong><\/p>","protected":false},"featured_media":15461,"template":"","meta":[],"product_brand":[],"product_cat":[494],"product_tag":[857],"class_list":{"0":"post-10263","1":"product","2":"type-product","3":"status-publish","4":"has-post-thumbnail","6":"product_cat-natverkskablar","7":"product_tag-final-touch-audio-metis-lan-kabel","8":"product_shipping_class-standard","10":"first","11":"instock","12":"taxable","13":"shipping-taxable","14":"purchasable","15":"product-type-variable","16":"has-default-attributes"},"bundled_by":[],"bundle_stock_status":"instock","bundle_stock_quantity":null,"bundle_virtual":false,"bundle_layout":"","bundle_add_to_cart_form_location":"","bundle_editable_in_cart":false,"bundle_sold_individually_context":"","bundle_item_grouping":"","bundle_min_size":"","bundle_max_size":"","bundle_price":[],"bundled_items":[],"bundle_sell_ids":[],"_links":{"self":[{"href":"http:\/\/studiokoncept.se\/de\/wp-json\/wp\/v2\/product\/10263","targetHints":{"allow":["GET"]}}],"collection":[{"href":"http:\/\/studiokoncept.se\/de\/wp-json\/wp\/v2\/product"}],"about":[{"href":"http:\/\/studiokoncept.se\/de\/wp-json\/wp\/v2\/types\/product"}],"version-history":[{"count":0,"href":"http:\/\/studiokoncept.se\/de\/wp-json\/wp\/v2\/product\/10263\/revisions"}],"wp:featuredmedia":[{"embeddable":true,"href":"http:\/\/studiokoncept.se\/de\/wp-json\/wp\/v2\/media\/15461"}],"wp:attachment":[{"href":"http:\/\/studiokoncept.se\/de\/wp-json\/wp\/v2\/media?parent=10263"}],"wp:term":[{"taxonomy":"product_brand","embeddable":true,"href":"http:\/\/studiokoncept.se\/de\/wp-json\/wp\/v2\/product_brand?post=10263"},{"taxonomy":"product_cat","embeddable":true,"href":"http:\/\/studiokoncept.se\/de\/wp-json\/wp\/v2\/product_cat?post=10263"},{"taxonomy":"product_tag","embeddable":true,"href":"http:\/\/studiokoncept.se\/de\/wp-json\/wp\/v2\/product_tag?post=10263"}],"curies":[{"name":"wp","href":"https:\/\/api.w.org\/{rel}","templated":true}]}}