{"id":10104,"date":"2021-03-29T09:53:35","date_gmt":"2021-03-29T07:53:35","guid":{"rendered":"https:\/\/studiokoncept.se\/?post_type=product&#038;p=10104"},"modified":"2023-09-06T14:37:47","modified_gmt":"2023-09-06T12:37:47","slug":"ifi-audio-itraveler","status":"publish","type":"product","link":"http:\/\/studiokoncept.se\/de\/shop\/elektronik\/dac\/ifi-audio-itraveler\/","title":{"rendered":"Ifi Audio iTraveler"},"content":{"rendered":"<p>Der iTraveller von iFi audio ist ein vielseitiger Reisekoffer, der speziell f\u00fcr tragbare Digital-Analog-Wandler (DACs) entwickelt wurde, aber auch eine Vielzahl von anderem Audiozubeh\u00f6r aufnehmen kann. Er verf\u00fcgt \u00fcber mehrere wichtige Designelemente, um Ihre Audioausr\u00fcstung organisiert, sicher und leicht zug\u00e4nglich zu halten:<\/p>\n<p>1. elastische Netztaschen und herausnehmbare Trennw\u00e4nde: Diese Merkmale helfen dabei, Ihr Audiozubeh\u00f6r sicher zu verstauen.<\/p>\n<p>2. selbstheilender, wasserdichter Rei\u00dfverschluss und wasserabweisendes Nylongewebe: Diese Materialien bieten eine haltbare und sch\u00fctzende H\u00fclle f\u00fcr Ihr Audioger\u00e4t.<\/p>\n<p>3. ein Platz f\u00fcr eine Powerbank oder ein Telefon: Hier k\u00f6nnen Sie zus\u00e4tzliche elektronische Ger\u00e4te unterbringen, die f\u00fcr Ihr Audioerlebnis notwendig sein k\u00f6nnten.<\/p>\n<p>4. ein Fach zur ordentlichen Aufbewahrung von In-Ear-Monitoren (IEMs): In diesem speziellen Fach k\u00f6nnen Sie Ihre Ohrh\u00f6rer ordentlich aufbewahren.<\/p>\n<p>5. zwei Anschl\u00fcsse f\u00fcr bis zu 6,3-mm-Klinkenstecker: Diese Anschl\u00fcsse bieten Platz f\u00fcr eine Reihe von Kabeln f\u00fcr eine flexible Konnektivit\u00e4t.<\/p>\n<p>6) Flach aufklappbar f\u00fcr einfachen Zugriff: Dieses Designmerkmal erm\u00f6glicht Ihnen einen schnellen und einfachen Zugriff auf alle Ihre aufbewahrten Gegenst\u00e4nde.<\/p>\n<p>7. zwei Anschl\u00fcsse f\u00fcr die gleichzeitige Verwendung verschiedener Kabel: So k\u00f6nnen Sie mehrere Ger\u00e4te gleichzeitig anschlie\u00dfen.<\/p>\n<p>8. externes Aufbewahrungsfach f\u00fcr schnellen und einfachen Zugriff auf Ihre Wiedergabeliste: So haben Sie bequemen Zugriff auf Ihre Musikauswahl.<\/p>\n<p>9. elastische B\u00e4nder und Netztaschen f\u00fcr gro\u00dfe Flexibilit\u00e4t bei der Organisation Ihres Zubeh\u00f6rs: Diese Funktionen bieten eine Reihe von Aufbewahrungsm\u00f6glichkeiten f\u00fcr verschiedene Arten und Gr\u00f6\u00dfen von Zubeh\u00f6r.<\/p>\n<p>10. weiche, gepolsterte, herausnehmbare Trennw\u00e4nde zum Schutz vor Kratzern: Diese bieten zus\u00e4tzlichen Schutz f\u00fcr Ihre empfindlichen Audioger\u00e4te.<\/p>\n<p>Die Abmessungen des iFi audio iTraveller betragen 135 mm x 190 mm x 50 mm und machen ihn zu einer kompakten L\u00f6sung f\u00fcr Ihre tragbaren Audioanforderungen.<\/p>","protected":false},"excerpt":{"rendered":"<p><h4>Ein Produkt f\u00fcr Menschen, die unterwegs sind!<\/h4><br \/>\nOrganisiert und sch\u00fctzt Ihr Audio-Zubeh\u00f6r in verschiedenen Bereichen, wie z.B. Handy, DAC\/Kopfh\u00f6rerverst\u00e4rker, Batterie, Kopfh\u00f6rer, usw., nicht zuletzt f\u00fcr diejenigen, die viel unterwegs sind.<br \/>\nSpeziell f\u00fcr Ihren tragbaren DAC entwickelt.<br \/>\nVollst\u00e4ndig zu \u00f6ffnen f\u00fcr einfachen Zugang<br \/>\nVerf\u00fcgt \u00fcber \u00d6ffnungen an beiden Enden f\u00fcr die gleichzeitige Verwendung von 2 Kabeln.<br \/>\nDas Handy kann oben platziert werden, um z. B. Wiedergabelisten einfach zu verwalten.<br \/>\nWasserabweisendes Gewebe mit \"selbstheilendem\" und wasserdichtem Rei\u00dfverschluss.<\/p>\n<p>Gr\u00f6\u00dfe: 135mm x 190mm x 50mm<\/p>","protected":false},"featured_media":10108,"template":"","meta":[],"product_brand":[],"product_cat":[164,160,163],"product_tag":[],"class_list":{"0":"post-10104","1":"product","2":"type-product","3":"status-publish","4":"has-post-thumbnail","6":"product_cat-dac","7":"product_cat-forsteg","8":"product_cat-horlursforstarkare","9":"product_shipping_class-standard","11":"first","12":"instock","13":"taxable","14":"shipping-taxable","15":"purchasable","16":"product-type-simple"},"bundled_by":[],"bundle_stock_status":"instock","bundle_stock_quantity":null,"bundle_virtual":false,"bundle_layout":"","bundle_add_to_cart_form_location":"","bundle_editable_in_cart":false,"bundle_sold_individually_context":"","bundle_item_grouping":"","bundle_min_size":"","bundle_max_size":"","bundle_price":[],"bundled_items":[],"bundle_sell_ids":[],"_links":{"self":[{"href":"http:\/\/studiokoncept.se\/de\/wp-json\/wp\/v2\/product\/10104","targetHints":{"allow":["GET"]}}],"collection":[{"href":"http:\/\/studiokoncept.se\/de\/wp-json\/wp\/v2\/product"}],"about":[{"href":"http:\/\/studiokoncept.se\/de\/wp-json\/wp\/v2\/types\/product"}],"version-history":[{"count":0,"href":"http:\/\/studiokoncept.se\/de\/wp-json\/wp\/v2\/product\/10104\/revisions"}],"wp:featuredmedia":[{"embeddable":true,"href":"http:\/\/studiokoncept.se\/de\/wp-json\/wp\/v2\/media\/10108"}],"wp:attachment":[{"href":"http:\/\/studiokoncept.se\/de\/wp-json\/wp\/v2\/media?parent=10104"}],"wp:term":[{"taxonomy":"product_brand","embeddable":true,"href":"http:\/\/studiokoncept.se\/de\/wp-json\/wp\/v2\/product_brand?post=10104"},{"taxonomy":"product_cat","embeddable":true,"href":"http:\/\/studiokoncept.se\/de\/wp-json\/wp\/v2\/product_cat?post=10104"},{"taxonomy":"product_tag","embeddable":true,"href":"http:\/\/studiokoncept.se\/de\/wp-json\/wp\/v2\/product_tag?post=10104"}],"curies":[{"name":"wp","href":"https:\/\/api.w.org\/{rel}","templated":true}]}}