{"id":10096,"date":"2021-03-27T15:24:14","date_gmt":"2021-03-27T14:24:14","guid":{"rendered":"https:\/\/studiokoncept.se\/?post_type=product&#038;p=10096"},"modified":"2023-09-06T14:38:12","modified_gmt":"2023-09-06T12:38:12","slug":"ifi-audio-dc-blocker","status":"publish","type":"product","link":"http:\/\/studiokoncept.se\/de\/shop\/elektronik\/dac\/ifi-audio-dc-blocker\/","title":{"rendered":"Ifi Audio DC-Blocker"},"content":{"rendered":"<p>Der Ifi Audio DC Blocker wurde entwickelt, um das mechanische Brummen zu beseitigen, das h\u00e4ufig von gro\u00dfen Verst\u00e4rkern, insbesondere solchen mit gro\u00dfen Ringkerntransformatoren, erzeugt wird. Dieses Brummen wird durch eine geringe Menge an Gleichspannung im Netzkabel verursacht, die den Haupttransformator s\u00e4ttigen und zum Brummen bringen kann. Der DC-Blocker wird am IEC-Eingang (Netzeingang auf der R\u00fcckseite) des Verst\u00e4rkers angebracht und verhindert, dass Gleichspannung in den Verst\u00e4rker gelangt, wodurch das Brummen verhindert wird.<\/p>\n<p>Zu den wichtigsten Spezifikationen und Funktionen des Ifi Audio DC Blocker geh\u00f6ren:<\/p>\n<p>- Funktioniert mit einem Spannungsbereich von 90-240V<br \/>\n- Hat eine maximale Nennleistung von mehr als 7A, mit einem Dauerstromwert von 4A.<br \/>\n- Kompakte Gr\u00f6\u00dfe, die andere Stecker, Steckdosen oder Kabel nicht behindert<br \/>\n- Beh\u00e4lt die EMI-Abschirmung bei<br \/>\n- Beeintr\u00e4chtigt nicht die Sicherheit der Ausr\u00fcstung<br \/>\n- Verwendet hochleistungsf\u00e4hige glaspassivierte Halbleiter mit einer hohen Geh\u00e4use-Durchschlagsfestigkeit von 1500VRMS. Er verwendet au\u00dferdem eine flammensichere IEC-Buchse\/Stecker\/Geh\u00e4use aus flammensicheren Polymeren (UL94-V0).<\/p>\n<p>Durch die Entfernung von Gleichstrom aus der Gleichung erm\u00f6glicht der DC-Blocker den Betrieb des Transformators in einer optimalen Umgebung, wodurch mechanisches Transformatorbrummen effektiv eliminiert wird.<\/p>","protected":false},"excerpt":{"rendered":"<p><h3>Ein Produkt f\u00fcr diejenigen, die Probleme mit Brummen von Verst\u00e4rkern haben<\/h3><br \/>\nDC-Blocker beseitigt das Brummen von Verst\u00e4rkern. Wenn Sie sich das Ohr zuhalten, oder wenn es wirklich schlecht ist, k\u00f6nnen Sie ein Brummen von der H\u00f6rposition aus h\u00f6ren. Das liegt daran, dass eine kleine Gleichspannung ihren Weg zum Transformator findet, der \"ges\u00e4ttigt\" wird und zu brummen beginnt.<br \/>\nIFi Audio hat ein raffiniertes kleines Ger\u00e4t entwickelt, das an die Steckdose Ihres Ger\u00e4ts angeschlossen wird. Auf der R\u00fcckseite des CD-Blockers stecken Sie Ihr Stromkabel ein. Der DC-Blocker verhindert, dass Gleichstr\u00f6me in den Verst\u00e4rker gelangen.<br \/>\n.<\/p>","protected":false},"featured_media":10093,"template":"","meta":[],"product_brand":[],"product_cat":[164,160,163],"product_tag":[],"class_list":{"0":"post-10096","1":"product","2":"type-product","3":"status-publish","4":"has-post-thumbnail","6":"product_cat-dac","7":"product_cat-forsteg","8":"product_cat-horlursforstarkare","9":"product_shipping_class-standard","11":"first","12":"instock","13":"taxable","14":"shipping-taxable","15":"purchasable","16":"product-type-simple"},"bundled_by":[],"bundle_stock_status":"instock","bundle_stock_quantity":null,"bundle_virtual":false,"bundle_layout":"","bundle_add_to_cart_form_location":"","bundle_editable_in_cart":false,"bundle_sold_individually_context":"","bundle_item_grouping":"","bundle_min_size":"","bundle_max_size":"","bundle_price":[],"bundled_items":[],"bundle_sell_ids":[],"_links":{"self":[{"href":"http:\/\/studiokoncept.se\/de\/wp-json\/wp\/v2\/product\/10096","targetHints":{"allow":["GET"]}}],"collection":[{"href":"http:\/\/studiokoncept.se\/de\/wp-json\/wp\/v2\/product"}],"about":[{"href":"http:\/\/studiokoncept.se\/de\/wp-json\/wp\/v2\/types\/product"}],"version-history":[{"count":0,"href":"http:\/\/studiokoncept.se\/de\/wp-json\/wp\/v2\/product\/10096\/revisions"}],"wp:featuredmedia":[{"embeddable":true,"href":"http:\/\/studiokoncept.se\/de\/wp-json\/wp\/v2\/media\/10093"}],"wp:attachment":[{"href":"http:\/\/studiokoncept.se\/de\/wp-json\/wp\/v2\/media?parent=10096"}],"wp:term":[{"taxonomy":"product_brand","embeddable":true,"href":"http:\/\/studiokoncept.se\/de\/wp-json\/wp\/v2\/product_brand?post=10096"},{"taxonomy":"product_cat","embeddable":true,"href":"http:\/\/studiokoncept.se\/de\/wp-json\/wp\/v2\/product_cat?post=10096"},{"taxonomy":"product_tag","embeddable":true,"href":"http:\/\/studiokoncept.se\/de\/wp-json\/wp\/v2\/product_tag?post=10096"}],"curies":[{"name":"wp","href":"https:\/\/api.w.org\/{rel}","templated":true}]}}